{"id":4198,"date":"2025-01-06T13:20:47","date_gmt":"2025-01-06T13:20:47","guid":{"rendered":"https:\/\/hotelatlantic.dk\/selskabslokale\/"},"modified":"2026-03-09T07:29:22","modified_gmt":"2026-03-09T07:29:22","slug":"selskabslokale","status":"publish","type":"page","link":"https:\/\/hotelatlantic.dk\/da\/selskabslokale\/","title":{"rendered":"Selskabslokale"},"content":{"rendered":"\t\t<div data-elementor-type=\"wp-page\" data-elementor-id=\"4198\" class=\"elementor elementor-4198 elementor-3466\" data-elementor-post-type=\"page\">\n\t\t\t\t<div class=\"elementor-element elementor-element-3702472 e-flex e-con-boxed e-con e-parent\" data-id=\"3702472\" data-element_type=\"container\" data-e-type=\"container\" data-settings=\"{&quot;_ob_use_container_extras&quot;:&quot;no&quot;,&quot;_ob_column_hoveranimator&quot;:&quot;no&quot;,&quot;_ob_glider_is_slider&quot;:&quot;no&quot;,&quot;_ob_column_has_pseudo&quot;:&quot;no&quot;}\">\n\t\t\t\t\t<div class=\"e-con-inner\">\n\t\t\t\t<div class=\"elementor-element elementor-element-c5e3afb ob-has-background-overlay elementor-widget elementor-widget-spacer\" data-id=\"c5e3afb\" data-element_type=\"widget\" data-e-type=\"widget\" data-settings=\"{&quot;_ob_spacerat_use&quot;:&quot;no&quot;,&quot;_ob_widget_stalker_use&quot;:&quot;no&quot;,&quot;_ob_poopart_use&quot;:&quot;yes&quot;,&quot;_ob_shadough_use&quot;:&quot;no&quot;,&quot;_ob_allow_hoveranimator&quot;:&quot;no&quot;}\" data-widget_type=\"spacer.default\">\n\t\t\t\t<div class=\"elementor-widget-container\">\n\t\t\t\t\t\t\t<div class=\"elementor-spacer\">\n\t\t\t<div class=\"elementor-spacer-inner\"><\/div>\n\t\t<\/div>\n\t\t\t\t\t\t<\/div>\n\t\t\t\t<\/div>\n\t\t\t\t\t<\/div>\n\t\t\t\t<\/div>\n\t\t<div class=\"elementor-element elementor-element-f861490 e-flex e-con-boxed e-con e-parent\" data-id=\"f861490\" data-element_type=\"container\" data-e-type=\"container\" data-settings=\"{&quot;_ob_use_container_extras&quot;:&quot;no&quot;,&quot;_ob_column_hoveranimator&quot;:&quot;no&quot;,&quot;_ob_glider_is_slider&quot;:&quot;no&quot;,&quot;_ob_column_has_pseudo&quot;:&quot;no&quot;}\">\n\t\t\t\t\t<div class=\"e-con-inner\">\n\t\t<div class=\"elementor-element elementor-element-33219f7 e-con-full e-flex e-con e-child\" data-id=\"33219f7\" data-element_type=\"container\" data-e-type=\"container\" data-settings=\"{&quot;_ob_use_container_extras&quot;:&quot;no&quot;,&quot;_ob_column_hoveranimator&quot;:&quot;no&quot;,&quot;_ob_glider_is_slider&quot;:&quot;no&quot;,&quot;_ob_column_has_pseudo&quot;:&quot;no&quot;}\">\n\t\t\t\t<div class=\"elementor-element elementor-element-1757cbe elementor-widget__width-initial ob-harakiri-inherit ob-has-background-overlay elementor-widget elementor-widget-text-editor\" data-id=\"1757cbe\" data-element_type=\"widget\" data-e-type=\"widget\" data-settings=\"{&quot;_ob_use_harakiri&quot;:&quot;yes&quot;,&quot;_ob_harakiri_writing_mode&quot;:&quot;inherit&quot;,&quot;_ob_postman_use&quot;:&quot;no&quot;,&quot;_ob_widget_stalker_use&quot;:&quot;no&quot;,&quot;_ob_poopart_use&quot;:&quot;yes&quot;,&quot;_ob_shadough_use&quot;:&quot;no&quot;,&quot;_ob_allow_hoveranimator&quot;:&quot;no&quot;}\" data-widget_type=\"text-editor.default\">\n\t\t\t\t<div class=\"elementor-widget-container\">\n\t\t\t\t\t\t\t\t\t<h2>Selskabslokale i Aarhus<\/h2><p>Leder du efter et sted at afholde et yogaevent, en vinsmagning, eller har du brug for et pop-up-showroom? Du finder ikke et bedre sted end p\u00e5 toppen af Hotel Atlantic i centrum af Aarhus.<\/p><p>Book vores restaurant p\u00e5 10. sal til dit n\u00e6ste event. Vi kan klare det meste (bare ikke dans eller musik &#8211; af hensyn til vores andre g\u00e6ster!).<\/p><p>T\u00f8v ikke med at kontakte os herunder &#8211; s\u00e5 vender vi tilbage til dig hurtigst muligt.<\/p>\t\t\t\t\t\t\t\t<\/div>\n\t\t\t\t<\/div>\n\t\t\t\t<div class=\"elementor-element elementor-element-69fb217 elementor-icon-list--layout-traditional elementor-list-item-link-full_width ob-has-background-overlay elementor-widget elementor-widget-icon-list\" data-id=\"69fb217\" data-element_type=\"widget\" data-e-type=\"widget\" data-settings=\"{&quot;_ob_widget_stalker_use&quot;:&quot;no&quot;,&quot;_ob_poopart_use&quot;:&quot;yes&quot;,&quot;_ob_shadough_use&quot;:&quot;no&quot;,&quot;_ob_allow_hoveranimator&quot;:&quot;no&quot;}\" data-widget_type=\"icon-list.default\">\n\t\t\t\t<div class=\"elementor-widget-container\">\n\t\t\t\t\t\t\t<ul class=\"elementor-icon-list-items\">\n\t\t\t\t\t\t\t<li class=\"elementor-icon-list-item\">\n\t\t\t\t\t\t\t\t\t\t\t<span class=\"elementor-icon-list-icon\">\n\t\t\t\t\t\t\t<i aria-hidden=\"true\" class=\"fas fa-circle\"><\/i>\t\t\t\t\t\t<\/span>\n\t\t\t\t\t\t\t\t\t\t<span class=\"elementor-icon-list-text\">Op til 80 personer afh\u00e6ngig af arrangementtype<\/span>\n\t\t\t\t\t\t\t\t\t<\/li>\n\t\t\t\t\t\t\t\t<li class=\"elementor-icon-list-item\">\n\t\t\t\t\t\t\t\t\t\t\t<span class=\"elementor-icon-list-icon\">\n\t\t\t\t\t\t\t<i aria-hidden=\"true\" class=\"fas fa-circle\"><\/i>\t\t\t\t\t\t<\/span>\n\t\t\t\t\t\t\t\t\t\t<span class=\"elementor-icon-list-text\">Hver dag fra kl. 12<\/span>\n\t\t\t\t\t\t\t\t\t<\/li>\n\t\t\t\t\t\t\t\t<li class=\"elementor-icon-list-item\">\n\t\t\t\t\t\t\t\t\t\t\t<span class=\"elementor-icon-list-icon\">\n\t\t\t\t\t\t\t<i aria-hidden=\"true\" class=\"fas fa-circle\"><\/i>\t\t\t\t\t\t<\/span>\n\t\t\t\t\t\t\t\t\t\t<span class=\"elementor-icon-list-text\">Parkering i DOKK1 lige over for hotellet<\/span>\n\t\t\t\t\t\t\t\t\t<\/li>\n\t\t\t\t\t\t<\/ul>\n\t\t\t\t\t\t<\/div>\n\t\t\t\t<\/div>\n\t\t\t\t<div class=\"elementor-element elementor-element-0242785 elementor-button-align-stretch ob-has-background-overlay elementor-widget elementor-widget-form\" data-id=\"0242785\" data-element_type=\"widget\" data-e-type=\"widget\" data-settings=\"{&quot;step_next_label&quot;:&quot;N\\u00e6ste&quot;,&quot;step_previous_label&quot;:&quot;Tilbage&quot;,&quot;button_width&quot;:&quot;100&quot;,&quot;step_type&quot;:&quot;number_text&quot;,&quot;step_icon_shape&quot;:&quot;circle&quot;,&quot;_ob_widget_stalker_use&quot;:&quot;no&quot;,&quot;_ob_poopart_use&quot;:&quot;yes&quot;,&quot;_ob_shadough_use&quot;:&quot;no&quot;,&quot;_ob_allow_hoveranimator&quot;:&quot;no&quot;}\" data-widget_type=\"form.default\">\n\t\t\t\t<div class=\"elementor-widget-container\">\n\t\t\t\t\t\t\t<form class=\"elementor-form\" method=\"post\" name=\"New Form\" aria-label=\"New Form\">\n\t\t\t<input type=\"hidden\" name=\"post_id\" value=\"4198\"\/>\n\t\t\t<input type=\"hidden\" name=\"form_id\" value=\"0242785\"\/>\n\t\t\t<input type=\"hidden\" name=\"referer_title\" value=\"Selskabslokale at Hotel Atlantic in Aarhus\" \/>\n\n\t\t\t\t\t\t\t<input type=\"hidden\" name=\"queried_id\" value=\"4198\"\/>\n\t\t\t\n\t\t\t<div class=\"elementor-form-fields-wrapper elementor-labels-above\">\n\t\t\t\t\t\t\t\t<div class=\"elementor-field-type-text elementor-field-group elementor-column elementor-field-group-name elementor-col-100 elementor-field-required\">\n\t\t\t\t\t\t\t\t\t\t\t\t<label for=\"form-field-name\" class=\"elementor-field-label\">\n\t\t\t\t\t\t\t\tNavn\t\t\t\t\t\t\t<\/label>\n\t\t\t\t\t\t\t\t\t\t\t\t\t\t<input size=\"1\" type=\"text\" name=\"form_fields[name]\" id=\"form-field-name\" class=\"elementor-field elementor-size-sm  elementor-field-textual\" placeholder=\"Navn\" required=\"required\">\n\t\t\t\t\t\t\t\t\t\t\t<\/div>\n\t\t\t\t\t\t\t\t<div class=\"elementor-field-type-email elementor-field-group elementor-column elementor-field-group-email elementor-col-100 elementor-field-required\">\n\t\t\t\t\t\t\t\t\t\t\t\t<label for=\"form-field-email\" class=\"elementor-field-label\">\n\t\t\t\t\t\t\t\tE-mail\t\t\t\t\t\t\t<\/label>\n\t\t\t\t\t\t\t\t\t\t\t\t\t\t<input size=\"1\" type=\"email\" name=\"form_fields[email]\" id=\"form-field-email\" class=\"elementor-field elementor-size-sm  elementor-field-textual\" placeholder=\"E-mail\" required=\"required\">\n\t\t\t\t\t\t\t\t\t\t\t<\/div>\n\t\t\t\t\t\t\t\t<div class=\"elementor-field-type-tel elementor-field-group elementor-column elementor-field-group-field_b112a62 elementor-col-100 elementor-field-required\">\n\t\t\t\t\t\t\t\t\t\t\t\t<label for=\"form-field-field_b112a62\" class=\"elementor-field-label\">\n\t\t\t\t\t\t\t\tTelefonnummer\t\t\t\t\t\t\t<\/label>\n\t\t\t\t\t\t\t\t<input size=\"1\" type=\"tel\" name=\"form_fields[field_b112a62]\" id=\"form-field-field_b112a62\" class=\"elementor-field elementor-size-sm  elementor-field-textual\" placeholder=\"Telefonnummer\" required=\"required\" pattern=\"[0-9()#&amp;+*-=.]+\" title=\"Kun tal og telefonkarakterer (#,-,*, o.s.v.) accepteres.\">\n\n\t\t\t\t\t\t<\/div>\n\t\t\t\t\t\t\t\t<div class=\"elementor-field-type-text elementor-field-group elementor-column elementor-field-group-message elementor-col-100\">\n\t\t\t\t\t\t\t\t\t\t\t\t<label for=\"form-field-message\" class=\"elementor-field-label\">\n\t\t\t\t\t\t\t\tDato for foresp\u00f8rgsel\t\t\t\t\t\t\t<\/label>\n\t\t\t\t\t\t\t\t\t\t\t\t\t\t<input size=\"1\" type=\"text\" name=\"form_fields[message]\" id=\"form-field-message\" class=\"elementor-field elementor-size-sm  elementor-field-textual\" placeholder=\"Dato for foresp\u00f8rgsel\">\n\t\t\t\t\t\t\t\t\t\t\t<\/div>\n\t\t\t\t\t\t\t\t<div class=\"elementor-field-type-textarea elementor-field-group elementor-column elementor-field-group-field_b5cc0a2 elementor-col-100\">\n\t\t\t\t\t\t\t\t\t\t\t\t<label for=\"form-field-field_b5cc0a2\" class=\"elementor-field-label\">\n\t\t\t\t\t\t\t\tArrangement\u00f8nske\t\t\t\t\t\t\t<\/label>\n\t\t\t\t\t\t<textarea class=\"elementor-field-textual elementor-field  elementor-size-sm\" name=\"form_fields[field_b5cc0a2]\" id=\"form-field-field_b5cc0a2\" rows=\"4\" placeholder=\"Arrangement\u00f8nske\"><\/textarea>\t\t\t\t<\/div>\n\t\t\t\t\t\t\t\t<div class=\"elementor-field-type-textarea elementor-field-group elementor-column elementor-field-group-field_b815c96 elementor-col-100\">\n\t\t\t\t\t\t\t\t\t\t\t\t<label for=\"form-field-field_b815c96\" class=\"elementor-field-label\">\n\t\t\t\t\t\t\t\tKommentar\t\t\t\t\t\t\t<\/label>\n\t\t\t\t\t\t<textarea class=\"elementor-field-textual elementor-field  elementor-size-sm\" name=\"form_fields[field_b815c96]\" id=\"form-field-field_b815c96\" rows=\"4\" placeholder=\"Kommentar\"><\/textarea>\t\t\t\t<\/div>\n\t\t\t\t\t\t\t\t<div class=\"elementor-field-group elementor-column elementor-field-type-submit elementor-col-100 e-form__buttons\">\n\t\t\t\t\t<button class=\"elementor-button elementor-size-sm\" type=\"submit\">\n\t\t\t\t\t\t<span class=\"elementor-button-content-wrapper\">\n\t\t\t\t\t\t\t\t\t\t\t\t\t\t\t\t\t\t\t\t\t\t<span class=\"elementor-button-text\">Send<\/span>\n\t\t\t\t\t\t\t\t\t\t\t\t\t<\/span>\n\t\t\t\t\t<\/button>\n\t\t\t\t<\/div>\n\t\t\t<\/div>\n\t\t<\/form>\n\t\t\t\t\t\t<\/div>\n\t\t\t\t<\/div>\n\t\t\t\t<\/div>\n\t\t<div class=\"elementor-element elementor-element-f342c47 e-con-full e-flex e-con e-child\" data-id=\"f342c47\" data-element_type=\"container\" data-e-type=\"container\" data-settings=\"{&quot;_ob_use_container_extras&quot;:&quot;no&quot;,&quot;_ob_column_hoveranimator&quot;:&quot;no&quot;,&quot;_ob_glider_is_slider&quot;:&quot;no&quot;,&quot;_ob_column_has_pseudo&quot;:&quot;no&quot;}\">\n\t\t\t\t<div class=\"elementor-element elementor-element-5ac9850 ob-has-background-overlay elementor-widget elementor-widget-image\" data-id=\"5ac9850\" data-element_type=\"widget\" data-e-type=\"widget\" data-settings=\"{&quot;_ob_photomorph_use&quot;:&quot;no&quot;,&quot;_ob_widget_stalker_use&quot;:&quot;no&quot;,&quot;_ob_poopart_use&quot;:&quot;yes&quot;,&quot;_ob_shadough_use&quot;:&quot;no&quot;,&quot;_ob_allow_hoveranimator&quot;:&quot;no&quot;}\" data-widget_type=\"image.default\">\n\t\t\t\t<div class=\"elementor-widget-container\">\n\t\t\t\t\t\t\t\t\t\t\t\t\t\t\t<img fetchpriority=\"high\" decoding=\"async\" width=\"800\" height=\"534\" src=\"https:\/\/hotelatlantic.dk\/wp-content\/uploads\/2026\/02\/web_Hotel-Atlantic_RAISFOTO_C1__1530-1024x683.jpg\" class=\"attachment-large size-large wp-image-5023\" alt=\"\" srcset=\"https:\/\/hotelatlantic.dk\/wp-content\/uploads\/2026\/02\/web_Hotel-Atlantic_RAISFOTO_C1__1530-1024x683.jpg 1024w, https:\/\/hotelatlantic.dk\/wp-content\/uploads\/2026\/02\/web_Hotel-Atlantic_RAISFOTO_C1__1530-300x200.jpg 300w, https:\/\/hotelatlantic.dk\/wp-content\/uploads\/2026\/02\/web_Hotel-Atlantic_RAISFOTO_C1__1530-768x512.jpg 768w, https:\/\/hotelatlantic.dk\/wp-content\/uploads\/2026\/02\/web_Hotel-Atlantic_RAISFOTO_C1__1530-1536x1024.jpg 1536w, https:\/\/hotelatlantic.dk\/wp-content\/uploads\/2026\/02\/web_Hotel-Atlantic_RAISFOTO_C1__1530-2048x1366.jpg 2048w\" sizes=\"(max-width: 800px) 100vw, 800px\" \/>\t\t\t\t\t\t\t\t\t\t\t\t\t\t\t<\/div>\n\t\t\t\t<\/div>\n\t\t\t\t<div class=\"elementor-element elementor-element-01035a7 ob-has-background-overlay elementor-widget elementor-widget-image\" data-id=\"01035a7\" data-element_type=\"widget\" data-e-type=\"widget\" data-settings=\"{&quot;_ob_photomorph_use&quot;:&quot;no&quot;,&quot;_ob_widget_stalker_use&quot;:&quot;no&quot;,&quot;_ob_poopart_use&quot;:&quot;yes&quot;,&quot;_ob_shadough_use&quot;:&quot;no&quot;,&quot;_ob_allow_hoveranimator&quot;:&quot;no&quot;}\" data-widget_type=\"image.default\">\n\t\t\t\t<div class=\"elementor-widget-container\">\n\t\t\t\t\t\t\t\t\t\t\t\t\t\t\t<img decoding=\"async\" width=\"800\" height=\"534\" src=\"https:\/\/hotelatlantic.dk\/wp-content\/uploads\/2026\/02\/web_Hotel-Atlantic_RAISFOTO_C1__1553-1024x683.jpg\" class=\"attachment-large size-large wp-image-5031\" alt=\"\" srcset=\"https:\/\/hotelatlantic.dk\/wp-content\/uploads\/2026\/02\/web_Hotel-Atlantic_RAISFOTO_C1__1553-1024x683.jpg 1024w, https:\/\/hotelatlantic.dk\/wp-content\/uploads\/2026\/02\/web_Hotel-Atlantic_RAISFOTO_C1__1553-300x200.jpg 300w, https:\/\/hotelatlantic.dk\/wp-content\/uploads\/2026\/02\/web_Hotel-Atlantic_RAISFOTO_C1__1553-768x512.jpg 768w, https:\/\/hotelatlantic.dk\/wp-content\/uploads\/2026\/02\/web_Hotel-Atlantic_RAISFOTO_C1__1553-1536x1024.jpg 1536w, https:\/\/hotelatlantic.dk\/wp-content\/uploads\/2026\/02\/web_Hotel-Atlantic_RAISFOTO_C1__1553-2048x1366.jpg 2048w\" sizes=\"(max-width: 800px) 100vw, 800px\" \/>\t\t\t\t\t\t\t\t\t\t\t\t\t\t\t<\/div>\n\t\t\t\t<\/div>\n\t\t\t\t<div class=\"elementor-element elementor-element-e1a744a ob-has-background-overlay elementor-widget elementor-widget-image\" data-id=\"e1a744a\" data-element_type=\"widget\" data-e-type=\"widget\" data-settings=\"{&quot;_ob_photomorph_use&quot;:&quot;no&quot;,&quot;_ob_widget_stalker_use&quot;:&quot;no&quot;,&quot;_ob_poopart_use&quot;:&quot;yes&quot;,&quot;_ob_shadough_use&quot;:&quot;no&quot;,&quot;_ob_allow_hoveranimator&quot;:&quot;no&quot;}\" data-widget_type=\"image.default\">\n\t\t\t\t<div class=\"elementor-widget-container\">\n\t\t\t\t\t\t\t\t\t\t\t\t\t\t\t<img decoding=\"async\" width=\"800\" height=\"534\" src=\"https:\/\/hotelatlantic.dk\/wp-content\/uploads\/2026\/02\/web_Hotel-Atlantic_RAISFOTO_C1__1494-1024x683.jpg\" class=\"attachment-large size-large wp-image-5013\" alt=\"\" srcset=\"https:\/\/hotelatlantic.dk\/wp-content\/uploads\/2026\/02\/web_Hotel-Atlantic_RAISFOTO_C1__1494-1024x683.jpg 1024w, https:\/\/hotelatlantic.dk\/wp-content\/uploads\/2026\/02\/web_Hotel-Atlantic_RAISFOTO_C1__1494-300x200.jpg 300w, https:\/\/hotelatlantic.dk\/wp-content\/uploads\/2026\/02\/web_Hotel-Atlantic_RAISFOTO_C1__1494-768x512.jpg 768w, https:\/\/hotelatlantic.dk\/wp-content\/uploads\/2026\/02\/web_Hotel-Atlantic_RAISFOTO_C1__1494-1536x1024.jpg 1536w, https:\/\/hotelatlantic.dk\/wp-content\/uploads\/2026\/02\/web_Hotel-Atlantic_RAISFOTO_C1__1494-2048x1366.jpg 2048w\" sizes=\"(max-width: 800px) 100vw, 800px\" \/>\t\t\t\t\t\t\t\t\t\t\t\t\t\t\t<\/div>\n\t\t\t\t<\/div>\n\t\t\t\t<\/div>\n\t\t\t\t\t<\/div>\n\t\t\t\t<\/div>\n\t\t\t\t<\/div>\n\t\t","protected":false},"excerpt":{"rendered":"<p>Selskabslokale i Aarhus Leder du efter et sted at afholde et yogaevent, en vinsmagning, eller har du brug for et pop-up-showroom? Du finder ikke et bedre sted end p\u00e5 toppen af Hotel Atlantic i centrum af Aarhus. Book vores restaurant p\u00e5 10. sal til dit n\u00e6ste event. Vi kan klare det meste (bare ikke dans [&hellip;]<\/p>\n","protected":false},"author":4,"featured_media":0,"parent":0,"menu_order":0,"comment_status":"closed","ping_status":"closed","template":"","meta":{"_acf_changed":false,"footnotes":""},"class_list":["post-4198","page","type-page","status-publish","hentry"],"acf":[],"yoast_head":"<!-- This site is optimized with the Yoast SEO plugin v27.4 - https:\/\/yoast.com\/product\/yoast-seo-wordpress\/ -->\n<title>Selskabslokale at Hotel Atlantic in Aarhus<\/title>\n<meta name=\"description\" content=\"Leder du efter et selskabslokale i Aarhus? Du finder ikke et bedre sted end p\u00e5 toppen af Hotel Atlantic i centrum af Aarhus.\" \/>\n<meta name=\"robots\" content=\"index, follow, max-snippet:-1, max-image-preview:large, max-video-preview:-1\" \/>\n<link rel=\"canonical\" href=\"https:\/\/hotelatlantic.dk\/da\/selskabslokale\/\" \/>\n<meta property=\"og:locale\" content=\"da_DK\" \/>\n<meta property=\"og:type\" content=\"article\" \/>\n<meta property=\"og:title\" content=\"Selskabslokale at Hotel Atlantic in Aarhus\" \/>\n<meta property=\"og:description\" content=\"Leder du efter et selskabslokale i Aarhus? Du finder ikke et bedre sted end p\u00e5 toppen af Hotel Atlantic i centrum af Aarhus.\" \/>\n<meta property=\"og:url\" content=\"https:\/\/hotelatlantic.dk\/da\/selskabslokale\/\" \/>\n<meta property=\"og:site_name\" content=\"Hotel Atlantic\" \/>\n<meta property=\"article:modified_time\" content=\"2026-03-09T07:29:22+00:00\" \/>\n<meta property=\"og:image\" content=\"https:\/\/hotelatlantic.dk\/wp-content\/uploads\/2026\/02\/web_Hotel-Atlantic_RAISFOTO_C1__1530.jpg\" \/>\n\t<meta property=\"og:image:width\" content=\"2200\" \/>\n\t<meta property=\"og:image:height\" content=\"1467\" \/>\n\t<meta property=\"og:image:type\" content=\"image\/jpeg\" \/>\n<meta name=\"twitter:card\" content=\"summary_large_image\" \/>\n<script type=\"application\/ld+json\" class=\"yoast-schema-graph\">{\"@context\":\"https:\\\/\\\/schema.org\",\"@graph\":[{\"@type\":\"WebPage\",\"@id\":\"https:\\\/\\\/hotelatlantic.dk\\\/da\\\/selskabslokale\\\/\",\"url\":\"https:\\\/\\\/hotelatlantic.dk\\\/da\\\/selskabslokale\\\/\",\"name\":\"Selskabslokale at Hotel Atlantic in Aarhus\",\"isPartOf\":{\"@id\":\"https:\\\/\\\/hotelatlantic.dk\\\/da\\\/#website\"},\"primaryImageOfPage\":{\"@id\":\"https:\\\/\\\/hotelatlantic.dk\\\/da\\\/selskabslokale\\\/#primaryimage\"},\"image\":{\"@id\":\"https:\\\/\\\/hotelatlantic.dk\\\/da\\\/selskabslokale\\\/#primaryimage\"},\"thumbnailUrl\":\"https:\\\/\\\/hotelatlantic.dk\\\/wp-content\\\/uploads\\\/2026\\\/02\\\/web_Hotel-Atlantic_RAISFOTO_C1__1530-1024x683.jpg\",\"datePublished\":\"2025-01-06T13:20:47+00:00\",\"dateModified\":\"2026-03-09T07:29:22+00:00\",\"description\":\"Leder du efter et selskabslokale i Aarhus? Du finder ikke et bedre sted end p\u00e5 toppen af Hotel Atlantic i centrum af Aarhus.\",\"breadcrumb\":{\"@id\":\"https:\\\/\\\/hotelatlantic.dk\\\/da\\\/selskabslokale\\\/#breadcrumb\"},\"inLanguage\":\"da-DK\",\"potentialAction\":[{\"@type\":\"ReadAction\",\"target\":[\"https:\\\/\\\/hotelatlantic.dk\\\/da\\\/selskabslokale\\\/\"]}]},{\"@type\":\"ImageObject\",\"inLanguage\":\"da-DK\",\"@id\":\"https:\\\/\\\/hotelatlantic.dk\\\/da\\\/selskabslokale\\\/#primaryimage\",\"url\":\"https:\\\/\\\/hotelatlantic.dk\\\/wp-content\\\/uploads\\\/2026\\\/02\\\/web_Hotel-Atlantic_RAISFOTO_C1__1530-1024x683.jpg\",\"contentUrl\":\"https:\\\/\\\/hotelatlantic.dk\\\/wp-content\\\/uploads\\\/2026\\\/02\\\/web_Hotel-Atlantic_RAISFOTO_C1__1530-1024x683.jpg\"},{\"@type\":\"BreadcrumbList\",\"@id\":\"https:\\\/\\\/hotelatlantic.dk\\\/da\\\/selskabslokale\\\/#breadcrumb\",\"itemListElement\":[{\"@type\":\"ListItem\",\"position\":1,\"name\":\"Hjem\",\"item\":\"https:\\\/\\\/hotelatlantic.dk\\\/da\\\/\"},{\"@type\":\"ListItem\",\"position\":2,\"name\":\"Selskabslokale\"}]},{\"@type\":\"WebSite\",\"@id\":\"https:\\\/\\\/hotelatlantic.dk\\\/da\\\/#website\",\"url\":\"https:\\\/\\\/hotelatlantic.dk\\\/da\\\/\",\"name\":\"Hotel Atlantic\",\"description\":\"\",\"potentialAction\":[{\"@type\":\"SearchAction\",\"target\":{\"@type\":\"EntryPoint\",\"urlTemplate\":\"https:\\\/\\\/hotelatlantic.dk\\\/da\\\/?s={search_term_string}\"},\"query-input\":{\"@type\":\"PropertyValueSpecification\",\"valueRequired\":true,\"valueName\":\"search_term_string\"}}],\"inLanguage\":\"da-DK\"}]}<\/script>\n<!-- \/ Yoast SEO plugin. -->","yoast_head_json":{"title":"Selskabslokale at Hotel Atlantic in Aarhus","description":"Leder du efter et selskabslokale i Aarhus? Du finder ikke et bedre sted end p\u00e5 toppen af Hotel Atlantic i centrum af Aarhus.","robots":{"index":"index","follow":"follow","max-snippet":"max-snippet:-1","max-image-preview":"max-image-preview:large","max-video-preview":"max-video-preview:-1"},"canonical":"https:\/\/hotelatlantic.dk\/da\/selskabslokale\/","og_locale":"da_DK","og_type":"article","og_title":"Selskabslokale at Hotel Atlantic in Aarhus","og_description":"Leder du efter et selskabslokale i Aarhus? Du finder ikke et bedre sted end p\u00e5 toppen af Hotel Atlantic i centrum af Aarhus.","og_url":"https:\/\/hotelatlantic.dk\/da\/selskabslokale\/","og_site_name":"Hotel Atlantic","article_modified_time":"2026-03-09T07:29:22+00:00","og_image":[{"width":2200,"height":1467,"url":"https:\/\/hotelatlantic.dk\/wp-content\/uploads\/2026\/02\/web_Hotel-Atlantic_RAISFOTO_C1__1530.jpg","type":"image\/jpeg"}],"twitter_card":"summary_large_image","schema":{"@context":"https:\/\/schema.org","@graph":[{"@type":"WebPage","@id":"https:\/\/hotelatlantic.dk\/da\/selskabslokale\/","url":"https:\/\/hotelatlantic.dk\/da\/selskabslokale\/","name":"Selskabslokale at Hotel Atlantic in Aarhus","isPartOf":{"@id":"https:\/\/hotelatlantic.dk\/da\/#website"},"primaryImageOfPage":{"@id":"https:\/\/hotelatlantic.dk\/da\/selskabslokale\/#primaryimage"},"image":{"@id":"https:\/\/hotelatlantic.dk\/da\/selskabslokale\/#primaryimage"},"thumbnailUrl":"https:\/\/hotelatlantic.dk\/wp-content\/uploads\/2026\/02\/web_Hotel-Atlantic_RAISFOTO_C1__1530-1024x683.jpg","datePublished":"2025-01-06T13:20:47+00:00","dateModified":"2026-03-09T07:29:22+00:00","description":"Leder du efter et selskabslokale i Aarhus? Du finder ikke et bedre sted end p\u00e5 toppen af Hotel Atlantic i centrum af Aarhus.","breadcrumb":{"@id":"https:\/\/hotelatlantic.dk\/da\/selskabslokale\/#breadcrumb"},"inLanguage":"da-DK","potentialAction":[{"@type":"ReadAction","target":["https:\/\/hotelatlantic.dk\/da\/selskabslokale\/"]}]},{"@type":"ImageObject","inLanguage":"da-DK","@id":"https:\/\/hotelatlantic.dk\/da\/selskabslokale\/#primaryimage","url":"https:\/\/hotelatlantic.dk\/wp-content\/uploads\/2026\/02\/web_Hotel-Atlantic_RAISFOTO_C1__1530-1024x683.jpg","contentUrl":"https:\/\/hotelatlantic.dk\/wp-content\/uploads\/2026\/02\/web_Hotel-Atlantic_RAISFOTO_C1__1530-1024x683.jpg"},{"@type":"BreadcrumbList","@id":"https:\/\/hotelatlantic.dk\/da\/selskabslokale\/#breadcrumb","itemListElement":[{"@type":"ListItem","position":1,"name":"Hjem","item":"https:\/\/hotelatlantic.dk\/da\/"},{"@type":"ListItem","position":2,"name":"Selskabslokale"}]},{"@type":"WebSite","@id":"https:\/\/hotelatlantic.dk\/da\/#website","url":"https:\/\/hotelatlantic.dk\/da\/","name":"Hotel Atlantic","description":"","potentialAction":[{"@type":"SearchAction","target":{"@type":"EntryPoint","urlTemplate":"https:\/\/hotelatlantic.dk\/da\/?s={search_term_string}"},"query-input":{"@type":"PropertyValueSpecification","valueRequired":true,"valueName":"search_term_string"}}],"inLanguage":"da-DK"}]}},"_links":{"self":[{"href":"https:\/\/hotelatlantic.dk\/da\/wp-json\/wp\/v2\/pages\/4198","targetHints":{"allow":["GET"]}}],"collection":[{"href":"https:\/\/hotelatlantic.dk\/da\/wp-json\/wp\/v2\/pages"}],"about":[{"href":"https:\/\/hotelatlantic.dk\/da\/wp-json\/wp\/v2\/types\/page"}],"author":[{"embeddable":true,"href":"https:\/\/hotelatlantic.dk\/da\/wp-json\/wp\/v2\/users\/4"}],"replies":[{"embeddable":true,"href":"https:\/\/hotelatlantic.dk\/da\/wp-json\/wp\/v2\/comments?post=4198"}],"version-history":[{"count":6,"href":"https:\/\/hotelatlantic.dk\/da\/wp-json\/wp\/v2\/pages\/4198\/revisions"}],"predecessor-version":[{"id":5254,"href":"https:\/\/hotelatlantic.dk\/da\/wp-json\/wp\/v2\/pages\/4198\/revisions\/5254"}],"wp:attachment":[{"href":"https:\/\/hotelatlantic.dk\/da\/wp-json\/wp\/v2\/media?parent=4198"}],"curies":[{"name":"wp","href":"https:\/\/api.w.org\/{rel}","templated":true}]}}