{"id":4247,"date":"2024-09-24T07:37:14","date_gmt":"2024-09-24T07:37:14","guid":{"rendered":"https:\/\/hotelatlantic.dk\/gavlmalerier\/"},"modified":"2025-09-19T08:05:11","modified_gmt":"2025-09-19T08:05:11","slug":"gavlmalerier","status":"publish","type":"page","link":"https:\/\/hotelatlantic.dk\/da\/gavlmalerier\/","title":{"rendered":"Gavlmalerier"},"content":{"rendered":"\t\t<div data-elementor-type=\"wp-page\" data-elementor-id=\"4247\" class=\"elementor elementor-4247 elementor-2950\" data-elementor-post-type=\"page\">\n\t\t\t\t<div class=\"elementor-element elementor-element-3df8dff e-grid e-con-boxed e-con e-parent\" data-id=\"3df8dff\" data-element_type=\"container\" data-e-type=\"container\" data-settings=\"{&quot;_ob_use_container_extras&quot;:&quot;no&quot;,&quot;_ob_column_hoveranimator&quot;:&quot;no&quot;,&quot;_ob_glider_is_slider&quot;:&quot;no&quot;,&quot;_ob_column_has_pseudo&quot;:&quot;no&quot;}\">\n\t\t\t\t\t<div class=\"e-con-inner\">\n\t\t\t\t<div class=\"elementor-element elementor-element-006366f ob-has-background-overlay elementor-widget elementor-widget-spacer\" data-id=\"006366f\" data-element_type=\"widget\" data-e-type=\"widget\" data-settings=\"{&quot;_ob_spacerat_use&quot;:&quot;no&quot;,&quot;_ob_widget_stalker_use&quot;:&quot;no&quot;,&quot;_ob_poopart_use&quot;:&quot;yes&quot;,&quot;_ob_shadough_use&quot;:&quot;no&quot;,&quot;_ob_allow_hoveranimator&quot;:&quot;no&quot;}\" data-widget_type=\"spacer.default\">\n\t\t\t\t<div class=\"elementor-widget-container\">\n\t\t\t\t\t\t\t<div class=\"elementor-spacer\">\n\t\t\t<div class=\"elementor-spacer-inner\"><\/div>\n\t\t<\/div>\n\t\t\t\t\t\t<\/div>\n\t\t\t\t<\/div>\n\t\t\t\t<div class=\"elementor-element elementor-element-7a16add ob-harakiri-inherit ob-has-background-overlay elementor-widget elementor-widget-heading\" data-id=\"7a16add\" data-element_type=\"widget\" data-e-type=\"widget\" data-settings=\"{&quot;_ob_use_harakiri&quot;:&quot;yes&quot;,&quot;_ob_harakiri_writing_mode&quot;:&quot;inherit&quot;,&quot;_ob_harakiri_text_clip&quot;:&quot;none&quot;,&quot;_ob_widget_stalker_use&quot;:&quot;no&quot;,&quot;_ob_poopart_use&quot;:&quot;yes&quot;,&quot;_ob_shadough_use&quot;:&quot;no&quot;,&quot;_ob_allow_hoveranimator&quot;:&quot;no&quot;}\" data-widget_type=\"heading.default\">\n\t\t\t\t<div class=\"elementor-widget-container\">\n\t\t\t\t\t<h2 class=\"elementor-heading-title elementor-size-default\">Gavlmalerier<\/h2>\t\t\t\t<\/div>\n\t\t\t\t<\/div>\n\t\t\t\t\t<\/div>\n\t\t\t\t<\/div>\n\t\t<div class=\"elementor-element elementor-element-be7e37b e-flex e-con-boxed e-con e-parent\" data-id=\"be7e37b\" data-element_type=\"container\" data-e-type=\"container\" data-settings=\"{&quot;_ob_use_container_extras&quot;:&quot;no&quot;,&quot;_ob_column_hoveranimator&quot;:&quot;no&quot;,&quot;_ob_glider_is_slider&quot;:&quot;no&quot;,&quot;_ob_column_has_pseudo&quot;:&quot;no&quot;}\">\n\t\t\t\t\t<div class=\"e-con-inner\">\n\t\t\t\t<div class=\"elementor-element elementor-element-fc2b439 ob-harakiri-inherit ob-has-background-overlay elementor-widget elementor-widget-text-editor\" data-id=\"fc2b439\" data-element_type=\"widget\" data-e-type=\"widget\" data-settings=\"{&quot;_ob_use_harakiri&quot;:&quot;yes&quot;,&quot;_ob_harakiri_writing_mode&quot;:&quot;inherit&quot;,&quot;_ob_postman_use&quot;:&quot;no&quot;,&quot;_ob_widget_stalker_use&quot;:&quot;no&quot;,&quot;_ob_poopart_use&quot;:&quot;yes&quot;,&quot;_ob_shadough_use&quot;:&quot;no&quot;,&quot;_ob_allow_hoveranimator&quot;:&quot;no&quot;}\" data-widget_type=\"text-editor.default\">\n\t\t\t\t<div class=\"elementor-widget-container\">\n\t\t\t\t\t\t\t\t\t<p>Siden for\u00e5ret 2024 har endev\u00e6ggene p\u00e5 Hotel Atlantic v\u00e6ret dekoreret med flotte v\u00e6gmalerier, da bygningen spillede en vigtig rolle i street art-projektet &#8220;17 Walls&#8221;.<\/p><p>&#8220;17 Walls&#8221; er et projekt, der har omdannet FN\u2019s 17 Verdensm\u00e5l til 17 v\u00e6gmalerier i Aarhus centrum. To af dem finder du p\u00e5 endev\u00e6ggene af Hotel Atlantic. <\/p><p>L\u00e6s mere om projektet <a href=\"https:\/\/www.17walls.dk\/home\">her<\/a>.<\/p>\t\t\t\t\t\t\t\t<\/div>\n\t\t\t\t<\/div>\n\t\t\t\t<div class=\"elementor-element elementor-element-1a97f54 ob-has-background-overlay elementor-widget elementor-widget-image\" data-id=\"1a97f54\" data-element_type=\"widget\" data-e-type=\"widget\" data-settings=\"{&quot;_ob_photomorph_use&quot;:&quot;no&quot;,&quot;_ob_widget_stalker_use&quot;:&quot;no&quot;,&quot;_ob_poopart_use&quot;:&quot;yes&quot;,&quot;_ob_shadough_use&quot;:&quot;no&quot;,&quot;_ob_allow_hoveranimator&quot;:&quot;no&quot;}\" data-widget_type=\"image.default\">\n\t\t\t\t<div class=\"elementor-widget-container\">\n\t\t\t\t\t\t\t\t\t\t\t\t<figure class=\"wp-caption\">\n\t\t\t\t\t\t\t\t\t\t\t<a href=\"https:\/\/www.17walls.dk\/bkfoxx-2-1\">\n\t\t\t\t\t\t\t<img fetchpriority=\"high\" decoding=\"async\" width=\"768\" height=\"1152\" src=\"https:\/\/hotelatlantic.dk\/wp-content\/uploads\/2024\/09\/B.K.Fox-fortsat_-34_2-768x1152.jpg\" class=\"attachment-medium_large size-medium_large wp-image-4304\" alt=\"Read more about \u201cRight Trough My Fingers\u201d and other murals in the project &quot;17 Walls&quot;\" srcset=\"https:\/\/hotelatlantic.dk\/wp-content\/uploads\/2024\/09\/B.K.Fox-fortsat_-34_2-768x1152.jpg 768w, https:\/\/hotelatlantic.dk\/wp-content\/uploads\/2024\/09\/B.K.Fox-fortsat_-34_2-200x300.jpg 200w, https:\/\/hotelatlantic.dk\/wp-content\/uploads\/2024\/09\/B.K.Fox-fortsat_-34_2-683x1024.jpg 683w, https:\/\/hotelatlantic.dk\/wp-content\/uploads\/2024\/09\/B.K.Fox-fortsat_-34_2-1024x1536.jpg 1024w, https:\/\/hotelatlantic.dk\/wp-content\/uploads\/2024\/09\/B.K.Fox-fortsat_-34_2-1365x2048.jpg 1365w, https:\/\/hotelatlantic.dk\/wp-content\/uploads\/2024\/09\/B.K.Fox-fortsat_-34_2-scaled.jpg 1706w\" sizes=\"(max-width: 768px) 100vw, 768px\" \/>\t\t\t\t\t\t\t\t<\/a>\n\t\t\t\t\t\t\t\t\t\t\t<figcaption class=\"widget-image-caption wp-caption-text\">Photo by Birthe Vembye<\/figcaption>\n\t\t\t\t\t\t\t\t\t\t<\/figure>\n\t\t\t\t\t\t\t\t\t<\/div>\n\t\t\t\t<\/div>\n\t\t\t\t<div class=\"elementor-element elementor-element-fd0e180 ob-has-background-overlay elementor-widget elementor-widget-image\" data-id=\"fd0e180\" data-element_type=\"widget\" data-e-type=\"widget\" data-settings=\"{&quot;_ob_photomorph_use&quot;:&quot;no&quot;,&quot;_ob_widget_stalker_use&quot;:&quot;no&quot;,&quot;_ob_poopart_use&quot;:&quot;yes&quot;,&quot;_ob_shadough_use&quot;:&quot;no&quot;,&quot;_ob_allow_hoveranimator&quot;:&quot;no&quot;}\" data-widget_type=\"image.default\">\n\t\t\t\t<div class=\"elementor-widget-container\">\n\t\t\t\t\t\t\t\t\t\t\t\t<figure class=\"wp-caption\">\n\t\t\t\t\t\t\t\t\t\t\t<a href=\"https:\/\/www.17walls.dk\/ronmuralist-1-1\">\n\t\t\t\t\t\t\t<img decoding=\"async\" width=\"768\" height=\"1152\" src=\"https:\/\/hotelatlantic.dk\/wp-content\/uploads\/2024\/09\/Ron-Muralist-AR-6_-41-768x1152.jpg\" class=\"attachment-medium_large size-medium_large wp-image-4301\" alt=\"Read more about \u201cFaucet of Life\u201d and other murals in the project &quot;17 Walls&quot;\" srcset=\"https:\/\/hotelatlantic.dk\/wp-content\/uploads\/2024\/09\/Ron-Muralist-AR-6_-41-768x1152.jpg 768w, https:\/\/hotelatlantic.dk\/wp-content\/uploads\/2024\/09\/Ron-Muralist-AR-6_-41-200x300.jpg 200w, https:\/\/hotelatlantic.dk\/wp-content\/uploads\/2024\/09\/Ron-Muralist-AR-6_-41-683x1024.jpg 683w, https:\/\/hotelatlantic.dk\/wp-content\/uploads\/2024\/09\/Ron-Muralist-AR-6_-41-1024x1536.jpg 1024w, https:\/\/hotelatlantic.dk\/wp-content\/uploads\/2024\/09\/Ron-Muralist-AR-6_-41-1365x2048.jpg 1365w, https:\/\/hotelatlantic.dk\/wp-content\/uploads\/2024\/09\/Ron-Muralist-AR-6_-41-scaled.jpg 1707w\" sizes=\"(max-width: 768px) 100vw, 768px\" \/>\t\t\t\t\t\t\t\t<\/a>\n\t\t\t\t\t\t\t\t\t\t\t<figcaption class=\"widget-image-caption wp-caption-text\">Photo by Birthe Vembye<\/figcaption>\n\t\t\t\t\t\t\t\t\t\t<\/figure>\n\t\t\t\t\t\t\t\t\t<\/div>\n\t\t\t\t<\/div>\n\t\t\t\t\t<\/div>\n\t\t\t\t<\/div>\n\t\t<div class=\"elementor-element elementor-element-0d7284d e-flex e-con-boxed e-con e-parent\" data-id=\"0d7284d\" data-element_type=\"container\" data-e-type=\"container\" data-settings=\"{&quot;_ob_use_container_extras&quot;:&quot;no&quot;,&quot;_ob_column_hoveranimator&quot;:&quot;no&quot;,&quot;_ob_glider_is_slider&quot;:&quot;no&quot;,&quot;_ob_column_has_pseudo&quot;:&quot;no&quot;}\">\n\t\t\t\t\t<div class=\"e-con-inner\">\n\t\t\t\t<div class=\"elementor-element elementor-element-684ba71 ob-has-background-overlay elementor-widget elementor-widget-image\" data-id=\"684ba71\" data-element_type=\"widget\" data-e-type=\"widget\" data-settings=\"{&quot;_ob_photomorph_use&quot;:&quot;no&quot;,&quot;_ob_widget_stalker_use&quot;:&quot;no&quot;,&quot;_ob_poopart_use&quot;:&quot;yes&quot;,&quot;_ob_shadough_use&quot;:&quot;no&quot;,&quot;_ob_allow_hoveranimator&quot;:&quot;no&quot;}\" data-widget_type=\"image.default\">\n\t\t\t\t<div class=\"elementor-widget-container\">\n\t\t\t\t\t\t\t\t\t\t\t\t<figure class=\"wp-caption\">\n\t\t\t\t\t\t\t\t\t\t\t<a href=\"https:\/\/www.17walls.dk\/bkfoxx-2-1\">\n\t\t\t\t\t\t\t<img decoding=\"async\" width=\"800\" height=\"400\" src=\"https:\/\/hotelatlantic.dk\/wp-content\/uploads\/2024\/09\/BK-Foxx-morgenlys-drone_-6-1024x512.jpg\" class=\"attachment-large size-large wp-image-4248\" alt=\"Read more about \u201cRight Trough My Fingers\u201d and other murals in the project &quot;17 Walls&quot;\" srcset=\"https:\/\/hotelatlantic.dk\/wp-content\/uploads\/2024\/09\/BK-Foxx-morgenlys-drone_-6-1024x512.jpg 1024w, https:\/\/hotelatlantic.dk\/wp-content\/uploads\/2024\/09\/BK-Foxx-morgenlys-drone_-6-300x150.jpg 300w, https:\/\/hotelatlantic.dk\/wp-content\/uploads\/2024\/09\/BK-Foxx-morgenlys-drone_-6-768x384.jpg 768w, https:\/\/hotelatlantic.dk\/wp-content\/uploads\/2024\/09\/BK-Foxx-morgenlys-drone_-6-1536x768.jpg 1536w, https:\/\/hotelatlantic.dk\/wp-content\/uploads\/2024\/09\/BK-Foxx-morgenlys-drone_-6-2048x1024.jpg 2048w\" sizes=\"(max-width: 800px) 100vw, 800px\" \/>\t\t\t\t\t\t\t\t<\/a>\n\t\t\t\t\t\t\t\t\t\t\t<figcaption class=\"widget-image-caption wp-caption-text\">Photo by Birthe Vembye<\/figcaption>\n\t\t\t\t\t\t\t\t\t\t<\/figure>\n\t\t\t\t\t\t\t\t\t<\/div>\n\t\t\t\t<\/div>\n\t\t\t\t<div class=\"elementor-element elementor-element-0ee9b4f ob-harakiri-inherit ob-has-background-overlay elementor-widget elementor-widget-text-editor\" data-id=\"0ee9b4f\" data-element_type=\"widget\" data-e-type=\"widget\" data-settings=\"{&quot;_ob_use_harakiri&quot;:&quot;yes&quot;,&quot;_ob_harakiri_writing_mode&quot;:&quot;inherit&quot;,&quot;_ob_postman_use&quot;:&quot;no&quot;,&quot;_ob_widget_stalker_use&quot;:&quot;no&quot;,&quot;_ob_poopart_use&quot;:&quot;yes&quot;,&quot;_ob_shadough_use&quot;:&quot;no&quot;,&quot;_ob_allow_hoveranimator&quot;:&quot;no&quot;}\" data-widget_type=\"text-editor.default\">\n\t\t\t\t<div class=\"elementor-widget-container\">\n\t\t\t\t\t\t\t\t\t<h3>&#8220;Right Trough My Fingers&#8221;<\/h3><p>Dette v\u00e6gmaleri af den amerikanske kunstner BKFoxx er inspireret af m\u00e5l nr. 14, &#8220;Livet i havet&#8221;. Kunstv\u00e6rket vender ud mod Aarhus Bugt og havet. <\/p><p>De udbredte h\u00e6nder i vandet repr\u00e6senterer renselse og \u00e6rlige og tillidsfulde intentioner. I samspillet med tattoveringerne symboliserer de menneskets forbindelse til vandet samt engagementet i havet og ansvaret for at bevare det for vores b\u00f8rns fremtid. <\/p><p>L\u00e6s mere om v\u00e6gmaleriet <a href=\"https:\/\/www.17walls.dk\/bkfoxx-2-1\">her<\/a>.<\/p>\t\t\t\t\t\t\t\t<\/div>\n\t\t\t\t<\/div>\n\t\t\t\t\t<\/div>\n\t\t\t\t<\/div>\n\t\t<div class=\"elementor-element elementor-element-9fac2ae e-flex e-con-boxed e-con e-parent\" data-id=\"9fac2ae\" data-element_type=\"container\" data-e-type=\"container\" data-settings=\"{&quot;_ob_use_container_extras&quot;:&quot;no&quot;,&quot;_ob_column_hoveranimator&quot;:&quot;no&quot;,&quot;_ob_glider_is_slider&quot;:&quot;no&quot;,&quot;_ob_column_has_pseudo&quot;:&quot;no&quot;}\">\n\t\t\t\t\t<div class=\"e-con-inner\">\n\t\t\t\t<div class=\"elementor-element elementor-element-cccec1c ob-has-background-overlay elementor-widget elementor-widget-image\" data-id=\"cccec1c\" data-element_type=\"widget\" data-e-type=\"widget\" data-settings=\"{&quot;_ob_photomorph_use&quot;:&quot;no&quot;,&quot;_ob_widget_stalker_use&quot;:&quot;no&quot;,&quot;_ob_poopart_use&quot;:&quot;yes&quot;,&quot;_ob_shadough_use&quot;:&quot;no&quot;,&quot;_ob_allow_hoveranimator&quot;:&quot;no&quot;}\" data-widget_type=\"image.default\">\n\t\t\t\t<div class=\"elementor-widget-container\">\n\t\t\t\t\t\t\t\t\t\t\t\t<figure class=\"wp-caption\">\n\t\t\t\t\t\t\t\t\t\t\t<a href=\"https:\/\/www.17walls.dk\/ronmuralist-1-1\">\n\t\t\t\t\t\t\t<img loading=\"lazy\" decoding=\"async\" width=\"800\" height=\"480\" src=\"https:\/\/hotelatlantic.dk\/wp-content\/uploads\/2024\/09\/Ron-Muralist-Drone-END_-1-1024x614.jpg\" class=\"attachment-large size-large wp-image-4249\" alt=\"Read more about \u201cFaucet of Life\u201d and other murals in the project &quot;17 Walls&quot;\" srcset=\"https:\/\/hotelatlantic.dk\/wp-content\/uploads\/2024\/09\/Ron-Muralist-Drone-END_-1-1024x614.jpg 1024w, https:\/\/hotelatlantic.dk\/wp-content\/uploads\/2024\/09\/Ron-Muralist-Drone-END_-1-300x180.jpg 300w, https:\/\/hotelatlantic.dk\/wp-content\/uploads\/2024\/09\/Ron-Muralist-Drone-END_-1-768x461.jpg 768w, https:\/\/hotelatlantic.dk\/wp-content\/uploads\/2024\/09\/Ron-Muralist-Drone-END_-1-1536x921.jpg 1536w, https:\/\/hotelatlantic.dk\/wp-content\/uploads\/2024\/09\/Ron-Muralist-Drone-END_-1-2048x1229.jpg 2048w\" sizes=\"(max-width: 800px) 100vw, 800px\" \/>\t\t\t\t\t\t\t\t<\/a>\n\t\t\t\t\t\t\t\t\t\t\t<figcaption class=\"widget-image-caption wp-caption-text\">Photo by Birthe Vembye<\/figcaption>\n\t\t\t\t\t\t\t\t\t\t<\/figure>\n\t\t\t\t\t\t\t\t\t<\/div>\n\t\t\t\t<\/div>\n\t\t\t\t<div class=\"elementor-element elementor-element-f4ecbd4 ob-harakiri-inherit ob-has-background-overlay elementor-widget elementor-widget-text-editor\" data-id=\"f4ecbd4\" data-element_type=\"widget\" data-e-type=\"widget\" data-settings=\"{&quot;_ob_use_harakiri&quot;:&quot;yes&quot;,&quot;_ob_harakiri_writing_mode&quot;:&quot;inherit&quot;,&quot;_ob_postman_use&quot;:&quot;no&quot;,&quot;_ob_widget_stalker_use&quot;:&quot;no&quot;,&quot;_ob_poopart_use&quot;:&quot;yes&quot;,&quot;_ob_shadough_use&quot;:&quot;no&quot;,&quot;_ob_allow_hoveranimator&quot;:&quot;no&quot;}\" data-widget_type=\"text-editor.default\">\n\t\t\t\t<div class=\"elementor-widget-container\">\n\t\t\t\t\t\t\t\t\t<h3>&#8220;Faucet of Life&#8221;<\/h3><p>V\u00e6gmaleriet af den argentinske kunstner Runmuralist er inspireret af m\u00e5l nr. 6, &#8216;Rent vand og sanitet&#8217;. Maleriet vender ud mod Aarhus centrum. <\/p><p>Der er en atmosf\u00e6re af ro, fred og friskhed i billedet af en ung pige, der flyder p\u00e5 en s\u00f8. En vandhane og regndr\u00e5ber forsyner s\u00f8en med vand og symboliserer et balanceret system. Det gyldne hjerte i pigens h\u00e5nd repr\u00e6senterer vandets v\u00e6rdi og renhed samt den respekt, vi b\u00f8r have for det. Pigen personificerer vores forpligtelse over for kommende generationer til at bevare det.   <\/p><p>L\u00e6s mere om v\u00e6gmaleriet <a href=\"https:\/\/www.17walls.dk\/ronmuralist-1-1\">her<\/a>.<\/p>\t\t\t\t\t\t\t\t<\/div>\n\t\t\t\t<\/div>\n\t\t\t\t<div class=\"elementor-element elementor-element-1491ef2 ob-harakiri-inherit ob-has-background-overlay elementor-widget elementor-widget-text-editor\" data-id=\"1491ef2\" data-element_type=\"widget\" data-e-type=\"widget\" data-settings=\"{&quot;_ob_use_harakiri&quot;:&quot;yes&quot;,&quot;_ob_harakiri_writing_mode&quot;:&quot;inherit&quot;,&quot;_ob_postman_use&quot;:&quot;no&quot;,&quot;_ob_widget_stalker_use&quot;:&quot;no&quot;,&quot;_ob_poopart_use&quot;:&quot;yes&quot;,&quot;_ob_shadough_use&quot;:&quot;no&quot;,&quot;_ob_allow_hoveranimator&quot;:&quot;no&quot;}\" data-widget_type=\"text-editor.default\">\n\t\t\t\t<div class=\"elementor-widget-container\">\n\t\t\t\t\t\t\t\t\t<h6 style=\"text-align: right;\">Foto af Birthe Vembye<\/h6>\t\t\t\t\t\t\t\t<\/div>\n\t\t\t\t<\/div>\n\t\t\t\t<div class=\"elementor-element elementor-element-dca82bb elementor-widget-divider--view-line ob-has-background-overlay elementor-widget elementor-widget-divider\" data-id=\"dca82bb\" data-element_type=\"widget\" data-e-type=\"widget\" data-settings=\"{&quot;_ob_widget_stalker_use&quot;:&quot;no&quot;,&quot;_ob_poopart_use&quot;:&quot;yes&quot;,&quot;_ob_shadough_use&quot;:&quot;no&quot;,&quot;_ob_allow_hoveranimator&quot;:&quot;no&quot;}\" data-widget_type=\"divider.default\">\n\t\t\t\t<div class=\"elementor-widget-container\">\n\t\t\t\t\t\t\t<div class=\"elementor-divider\">\n\t\t\t<span class=\"elementor-divider-separator\">\n\t\t\t\t\t\t<\/span>\n\t\t<\/div>\n\t\t\t\t\t\t<\/div>\n\t\t\t\t<\/div>\n\t\t\t\t<div class=\"elementor-element elementor-element-132eee8 ob-harakiri-inherit ob-has-background-overlay elementor-widget elementor-widget-text-editor\" data-id=\"132eee8\" data-element_type=\"widget\" data-e-type=\"widget\" data-settings=\"{&quot;_ob_use_harakiri&quot;:&quot;yes&quot;,&quot;_ob_harakiri_writing_mode&quot;:&quot;inherit&quot;,&quot;_ob_postman_use&quot;:&quot;no&quot;,&quot;_ob_widget_stalker_use&quot;:&quot;no&quot;,&quot;_ob_poopart_use&quot;:&quot;yes&quot;,&quot;_ob_shadough_use&quot;:&quot;no&quot;,&quot;_ob_allow_hoveranimator&quot;:&quot;no&quot;}\" data-widget_type=\"text-editor.default\">\n\t\t\t\t<div class=\"elementor-widget-container\">\n\t\t\t\t\t\t\t\t\t<p>Nysgerrig efter andre must-see sev\u00e6rdigheder i Aarhus? <a href=\"https:\/\/hotelatlantic.dk\/da\/oplev-aarhus\/\">Tjek vores byguide lige her<\/a>. <\/p><p> <\/p>\t\t\t\t\t\t\t\t<\/div>\n\t\t\t\t<\/div>\n\t\t\t\t\t<\/div>\n\t\t\t\t<\/div>\n\t\t\t\t<\/div>\n\t\t","protected":false},"excerpt":{"rendered":"<p>Gavlmalerier Siden for\u00e5ret 2024 har endev\u00e6ggene p\u00e5 Hotel Atlantic v\u00e6ret dekoreret med flotte v\u00e6gmalerier, da bygningen spillede en vigtig rolle i street art-projektet &#8220;17 Walls&#8221;. &#8220;17 Walls&#8221; er et projekt, der har omdannet FN\u2019s 17 Verdensm\u00e5l til 17 v\u00e6gmalerier i Aarhus centrum. To af dem finder du p\u00e5 endev\u00e6ggene af Hotel Atlantic. L\u00e6s mere om [&hellip;]<\/p>\n","protected":false},"author":4,"featured_media":0,"parent":0,"menu_order":0,"comment_status":"closed","ping_status":"closed","template":"","meta":{"_acf_changed":false,"footnotes":""},"class_list":["post-4247","page","type-page","status-publish","hentry"],"acf":[],"yoast_head":"<!-- This site is optimized with the Yoast SEO plugin v27.3 - https:\/\/yoast.com\/product\/yoast-seo-wordpress\/ -->\n<title>Gavlmalerier<\/title>\n<meta name=\"description\" content=\"17 Walls har transformeret FN\u2019s 17 Verdensm\u00e5l for b\u00e6redygtig udvikling til 17 v\u00e6gmalerier i Aarhus \u2013 to af dem finder du p\u00e5 Hotel Atlantic.\" \/>\n<meta name=\"robots\" content=\"index, follow, max-snippet:-1, max-image-preview:large, max-video-preview:-1\" \/>\n<link rel=\"canonical\" href=\"https:\/\/hotelatlantic.dk\/da\/gavlmalerier\/\" \/>\n<meta property=\"og:locale\" content=\"da_DK\" \/>\n<meta property=\"og:type\" content=\"article\" \/>\n<meta property=\"og:title\" content=\"Gavlmalerier\" \/>\n<meta property=\"og:description\" content=\"17 Walls har transformeret FN\u2019s 17 Verdensm\u00e5l for b\u00e6redygtig udvikling til 17 v\u00e6gmalerier i Aarhus \u2013 to af dem finder du p\u00e5 Hotel Atlantic.\" \/>\n<meta property=\"og:url\" content=\"https:\/\/hotelatlantic.dk\/da\/gavlmalerier\/\" \/>\n<meta property=\"og:site_name\" content=\"Hotel Atlantic\" \/>\n<meta property=\"article:modified_time\" content=\"2025-09-19T08:05:11+00:00\" \/>\n<meta property=\"og:image\" content=\"https:\/\/hotelatlantic.dk\/wp-content\/uploads\/2024\/09\/B.K.Fox-fortsat_-34_2-scaled.jpg\" \/>\n\t<meta property=\"og:image:width\" content=\"1706\" \/>\n\t<meta property=\"og:image:height\" content=\"2560\" \/>\n\t<meta property=\"og:image:type\" content=\"image\/jpeg\" \/>\n<meta name=\"twitter:card\" content=\"summary_large_image\" \/>\n<meta name=\"twitter:label1\" content=\"Estimeret l\u00e6setid\" \/>\n\t<meta name=\"twitter:data1\" content=\"1 minut\" \/>\n<script type=\"application\/ld+json\" class=\"yoast-schema-graph\">{\"@context\":\"https:\\\/\\\/schema.org\",\"@graph\":[{\"@type\":\"WebPage\",\"@id\":\"https:\\\/\\\/hotelatlantic.dk\\\/da\\\/gavlmalerier\\\/\",\"url\":\"https:\\\/\\\/hotelatlantic.dk\\\/da\\\/gavlmalerier\\\/\",\"name\":\"Gavlmalerier\",\"isPartOf\":{\"@id\":\"https:\\\/\\\/hotelatlantic.dk\\\/da\\\/#website\"},\"primaryImageOfPage\":{\"@id\":\"https:\\\/\\\/hotelatlantic.dk\\\/da\\\/gavlmalerier\\\/#primaryimage\"},\"image\":{\"@id\":\"https:\\\/\\\/hotelatlantic.dk\\\/da\\\/gavlmalerier\\\/#primaryimage\"},\"thumbnailUrl\":\"https:\\\/\\\/hotelatlantic.dk\\\/wp-content\\\/uploads\\\/2024\\\/09\\\/B.K.Fox-fortsat_-34_2-768x1152.jpg\",\"datePublished\":\"2024-09-24T07:37:14+00:00\",\"dateModified\":\"2025-09-19T08:05:11+00:00\",\"description\":\"17 Walls har transformeret FN\u2019s 17 Verdensm\u00e5l for b\u00e6redygtig udvikling til 17 v\u00e6gmalerier i Aarhus \u2013 to af dem finder du p\u00e5 Hotel Atlantic.\",\"breadcrumb\":{\"@id\":\"https:\\\/\\\/hotelatlantic.dk\\\/da\\\/gavlmalerier\\\/#breadcrumb\"},\"inLanguage\":\"da-DK\",\"potentialAction\":[{\"@type\":\"ReadAction\",\"target\":[\"https:\\\/\\\/hotelatlantic.dk\\\/da\\\/gavlmalerier\\\/\"]}]},{\"@type\":\"ImageObject\",\"inLanguage\":\"da-DK\",\"@id\":\"https:\\\/\\\/hotelatlantic.dk\\\/da\\\/gavlmalerier\\\/#primaryimage\",\"url\":\"https:\\\/\\\/hotelatlantic.dk\\\/wp-content\\\/uploads\\\/2024\\\/09\\\/B.K.Fox-fortsat_-34_2-768x1152.jpg\",\"contentUrl\":\"https:\\\/\\\/hotelatlantic.dk\\\/wp-content\\\/uploads\\\/2024\\\/09\\\/B.K.Fox-fortsat_-34_2-768x1152.jpg\"},{\"@type\":\"BreadcrumbList\",\"@id\":\"https:\\\/\\\/hotelatlantic.dk\\\/da\\\/gavlmalerier\\\/#breadcrumb\",\"itemListElement\":[{\"@type\":\"ListItem\",\"position\":1,\"name\":\"Hjem\",\"item\":\"https:\\\/\\\/hotelatlantic.dk\\\/da\\\/\"},{\"@type\":\"ListItem\",\"position\":2,\"name\":\"Gavlmalerier\"}]},{\"@type\":\"WebSite\",\"@id\":\"https:\\\/\\\/hotelatlantic.dk\\\/da\\\/#website\",\"url\":\"https:\\\/\\\/hotelatlantic.dk\\\/da\\\/\",\"name\":\"Hotel Atlantic\",\"description\":\"\",\"potentialAction\":[{\"@type\":\"SearchAction\",\"target\":{\"@type\":\"EntryPoint\",\"urlTemplate\":\"https:\\\/\\\/hotelatlantic.dk\\\/da\\\/?s={search_term_string}\"},\"query-input\":{\"@type\":\"PropertyValueSpecification\",\"valueRequired\":true,\"valueName\":\"search_term_string\"}}],\"inLanguage\":\"da-DK\"}]}<\/script>\n<!-- \/ Yoast SEO plugin. -->","yoast_head_json":{"title":"Gavlmalerier","description":"17 Walls har transformeret FN\u2019s 17 Verdensm\u00e5l for b\u00e6redygtig udvikling til 17 v\u00e6gmalerier i Aarhus \u2013 to af dem finder du p\u00e5 Hotel Atlantic.","robots":{"index":"index","follow":"follow","max-snippet":"max-snippet:-1","max-image-preview":"max-image-preview:large","max-video-preview":"max-video-preview:-1"},"canonical":"https:\/\/hotelatlantic.dk\/da\/gavlmalerier\/","og_locale":"da_DK","og_type":"article","og_title":"Gavlmalerier","og_description":"17 Walls har transformeret FN\u2019s 17 Verdensm\u00e5l for b\u00e6redygtig udvikling til 17 v\u00e6gmalerier i Aarhus \u2013 to af dem finder du p\u00e5 Hotel Atlantic.","og_url":"https:\/\/hotelatlantic.dk\/da\/gavlmalerier\/","og_site_name":"Hotel Atlantic","article_modified_time":"2025-09-19T08:05:11+00:00","og_image":[{"width":1706,"height":2560,"url":"https:\/\/hotelatlantic.dk\/wp-content\/uploads\/2024\/09\/B.K.Fox-fortsat_-34_2-scaled.jpg","type":"image\/jpeg"}],"twitter_card":"summary_large_image","twitter_misc":{"Estimeret l\u00e6setid":"1 minut"},"schema":{"@context":"https:\/\/schema.org","@graph":[{"@type":"WebPage","@id":"https:\/\/hotelatlantic.dk\/da\/gavlmalerier\/","url":"https:\/\/hotelatlantic.dk\/da\/gavlmalerier\/","name":"Gavlmalerier","isPartOf":{"@id":"https:\/\/hotelatlantic.dk\/da\/#website"},"primaryImageOfPage":{"@id":"https:\/\/hotelatlantic.dk\/da\/gavlmalerier\/#primaryimage"},"image":{"@id":"https:\/\/hotelatlantic.dk\/da\/gavlmalerier\/#primaryimage"},"thumbnailUrl":"https:\/\/hotelatlantic.dk\/wp-content\/uploads\/2024\/09\/B.K.Fox-fortsat_-34_2-768x1152.jpg","datePublished":"2024-09-24T07:37:14+00:00","dateModified":"2025-09-19T08:05:11+00:00","description":"17 Walls har transformeret FN\u2019s 17 Verdensm\u00e5l for b\u00e6redygtig udvikling til 17 v\u00e6gmalerier i Aarhus \u2013 to af dem finder du p\u00e5 Hotel Atlantic.","breadcrumb":{"@id":"https:\/\/hotelatlantic.dk\/da\/gavlmalerier\/#breadcrumb"},"inLanguage":"da-DK","potentialAction":[{"@type":"ReadAction","target":["https:\/\/hotelatlantic.dk\/da\/gavlmalerier\/"]}]},{"@type":"ImageObject","inLanguage":"da-DK","@id":"https:\/\/hotelatlantic.dk\/da\/gavlmalerier\/#primaryimage","url":"https:\/\/hotelatlantic.dk\/wp-content\/uploads\/2024\/09\/B.K.Fox-fortsat_-34_2-768x1152.jpg","contentUrl":"https:\/\/hotelatlantic.dk\/wp-content\/uploads\/2024\/09\/B.K.Fox-fortsat_-34_2-768x1152.jpg"},{"@type":"BreadcrumbList","@id":"https:\/\/hotelatlantic.dk\/da\/gavlmalerier\/#breadcrumb","itemListElement":[{"@type":"ListItem","position":1,"name":"Hjem","item":"https:\/\/hotelatlantic.dk\/da\/"},{"@type":"ListItem","position":2,"name":"Gavlmalerier"}]},{"@type":"WebSite","@id":"https:\/\/hotelatlantic.dk\/da\/#website","url":"https:\/\/hotelatlantic.dk\/da\/","name":"Hotel Atlantic","description":"","potentialAction":[{"@type":"SearchAction","target":{"@type":"EntryPoint","urlTemplate":"https:\/\/hotelatlantic.dk\/da\/?s={search_term_string}"},"query-input":{"@type":"PropertyValueSpecification","valueRequired":true,"valueName":"search_term_string"}}],"inLanguage":"da-DK"}]}},"_links":{"self":[{"href":"https:\/\/hotelatlantic.dk\/da\/wp-json\/wp\/v2\/pages\/4247","targetHints":{"allow":["GET"]}}],"collection":[{"href":"https:\/\/hotelatlantic.dk\/da\/wp-json\/wp\/v2\/pages"}],"about":[{"href":"https:\/\/hotelatlantic.dk\/da\/wp-json\/wp\/v2\/types\/page"}],"author":[{"embeddable":true,"href":"https:\/\/hotelatlantic.dk\/da\/wp-json\/wp\/v2\/users\/4"}],"replies":[{"embeddable":true,"href":"https:\/\/hotelatlantic.dk\/da\/wp-json\/wp\/v2\/comments?post=4247"}],"version-history":[{"count":10,"href":"https:\/\/hotelatlantic.dk\/da\/wp-json\/wp\/v2\/pages\/4247\/revisions"}],"predecessor-version":[{"id":4453,"href":"https:\/\/hotelatlantic.dk\/da\/wp-json\/wp\/v2\/pages\/4247\/revisions\/4453"}],"wp:attachment":[{"href":"https:\/\/hotelatlantic.dk\/da\/wp-json\/wp\/v2\/media?parent=4247"}],"curies":[{"name":"wp","href":"https:\/\/api.w.org\/{rel}","templated":true}]}}