{"id":4306,"date":"2021-06-08T14:41:00","date_gmt":"2021-06-08T14:41:00","guid":{"rendered":"https:\/\/hotelatlantic.dk\/parkering\/"},"modified":"2025-09-16T10:47:10","modified_gmt":"2025-09-16T10:47:10","slug":"parkering","status":"publish","type":"page","link":"https:\/\/hotelatlantic.dk\/da\/parkering\/","title":{"rendered":"Parkering"},"content":{"rendered":"\t\t<div data-elementor-type=\"wp-page\" data-elementor-id=\"4306\" class=\"elementor elementor-4306 elementor-1544\" data-elementor-post-type=\"page\">\n\t\t\t\t<div class=\"elementor-element elementor-element-b32ccff e-flex e-con-boxed e-con e-parent\" data-id=\"b32ccff\" data-element_type=\"container\" data-e-type=\"container\" data-settings=\"{&quot;_ob_use_container_extras&quot;:&quot;no&quot;,&quot;_ob_column_hoveranimator&quot;:&quot;no&quot;,&quot;_ob_glider_is_slider&quot;:&quot;no&quot;,&quot;_ob_column_has_pseudo&quot;:&quot;no&quot;}\">\n\t\t\t\t\t<div class=\"e-con-inner\">\n\t\t<div class=\"elementor-element elementor-element-c5ae08f e-con-full e-flex e-con e-child\" data-id=\"c5ae08f\" data-element_type=\"container\" data-e-type=\"container\" data-settings=\"{&quot;_ob_use_container_extras&quot;:&quot;no&quot;,&quot;_ob_column_hoveranimator&quot;:&quot;no&quot;,&quot;_ob_glider_is_slider&quot;:&quot;no&quot;,&quot;_ob_column_has_pseudo&quot;:&quot;no&quot;}\">\n\t\t\t\t<div class=\"elementor-element elementor-element-0ca66cf ob-has-background-overlay elementor-widget elementor-widget-spacer\" data-id=\"0ca66cf\" data-element_type=\"widget\" data-e-type=\"widget\" data-settings=\"{&quot;_ob_spacerat_use&quot;:&quot;no&quot;,&quot;_ob_widget_stalker_use&quot;:&quot;no&quot;,&quot;_ob_poopart_use&quot;:&quot;yes&quot;,&quot;_ob_shadough_use&quot;:&quot;no&quot;,&quot;_ob_allow_hoveranimator&quot;:&quot;no&quot;}\" data-widget_type=\"spacer.default\">\n\t\t\t\t<div class=\"elementor-widget-container\">\n\t\t\t\t\t\t\t<div class=\"elementor-spacer\">\n\t\t\t<div class=\"elementor-spacer-inner\"><\/div>\n\t\t<\/div>\n\t\t\t\t\t\t<\/div>\n\t\t\t\t<\/div>\n\t\t\t\t<div class=\"elementor-element elementor-element-a5ce22d ob-harakiri-inherit ob-has-background-overlay elementor-widget elementor-widget-heading\" data-id=\"a5ce22d\" data-element_type=\"widget\" data-e-type=\"widget\" data-settings=\"{&quot;_ob_use_harakiri&quot;:&quot;yes&quot;,&quot;_ob_harakiri_writing_mode&quot;:&quot;inherit&quot;,&quot;_ob_harakiri_text_clip&quot;:&quot;none&quot;,&quot;_ob_widget_stalker_use&quot;:&quot;no&quot;,&quot;_ob_poopart_use&quot;:&quot;yes&quot;,&quot;_ob_shadough_use&quot;:&quot;no&quot;,&quot;_ob_allow_hoveranimator&quot;:&quot;no&quot;}\" data-widget_type=\"heading.default\">\n\t\t\t\t<div class=\"elementor-widget-container\">\n\t\t\t\t\t<h2 class=\"elementor-heading-title elementor-size-default\">Parkering p\u00e5 Hotel Atlantic<\/h2>\t\t\t\t<\/div>\n\t\t\t\t<\/div>\n\t\t\t\t<div class=\"elementor-element elementor-element-3ad31a7 ob-harakiri-inherit ob-has-background-overlay elementor-widget elementor-widget-text-editor\" data-id=\"3ad31a7\" data-element_type=\"widget\" data-e-type=\"widget\" data-settings=\"{&quot;_ob_use_harakiri&quot;:&quot;yes&quot;,&quot;_ob_harakiri_writing_mode&quot;:&quot;inherit&quot;,&quot;_ob_postman_use&quot;:&quot;no&quot;,&quot;_ob_widget_stalker_use&quot;:&quot;no&quot;,&quot;_ob_poopart_use&quot;:&quot;yes&quot;,&quot;_ob_shadough_use&quot;:&quot;no&quot;,&quot;_ob_allow_hoveranimator&quot;:&quot;no&quot;}\" data-widget_type=\"text-editor.default\">\n\t\t\t\t<div class=\"elementor-widget-container\">\n\t\t\t\t\t\t\t\t\t<p>Vi har samlet alt det, du beh\u00f8ver at vide om parkering p\u00e5 Hotel Atlantic.<\/p>\t\t\t\t\t\t\t\t<\/div>\n\t\t\t\t<\/div>\n\t\t\t\t<\/div>\n\t\t\t\t\t<\/div>\n\t\t\t\t<\/div>\n\t\t\t\t<section class=\"elementor-section elementor-top-section elementor-element elementor-element-96eb29e elementor-section-boxed elementor-section-height-default elementor-section-height-default\" data-id=\"96eb29e\" data-element_type=\"section\" data-e-type=\"section\" data-settings=\"{&quot;_ob_glider_is_slider&quot;:&quot;no&quot;}\">\n\t\t\t\t\t\t<div class=\"elementor-container elementor-column-gap-default\">\n\t\t\t\t\t<div class=\"elementor-column elementor-col-33 elementor-top-column elementor-element elementor-element-68069d9\" data-id=\"68069d9\" data-element_type=\"column\" data-e-type=\"column\" data-settings=\"{&quot;background_background&quot;:&quot;classic&quot;,&quot;_ob_column_hoveranimator&quot;:&quot;no&quot;,&quot;_ob_column_has_pseudo&quot;:&quot;no&quot;}\">\n\t\t\t<div class=\"elementor-widget-wrap elementor-element-populated\">\n\t\t\t\t\t\t<div class=\"elementor-element elementor-element-bf77a66 ob-harakiri-inherit ob-has-background-overlay elementor-widget elementor-widget-text-editor\" data-id=\"bf77a66\" data-element_type=\"widget\" data-e-type=\"widget\" data-settings=\"{&quot;_ob_use_harakiri&quot;:&quot;yes&quot;,&quot;_ob_harakiri_writing_mode&quot;:&quot;inherit&quot;,&quot;_ob_postman_use&quot;:&quot;no&quot;,&quot;_ob_widget_stalker_use&quot;:&quot;no&quot;,&quot;_ob_poopart_use&quot;:&quot;yes&quot;,&quot;_ob_shadough_use&quot;:&quot;no&quot;,&quot;_ob_allow_hoveranimator&quot;:&quot;no&quot;}\" data-widget_type=\"text-editor.default\">\n\t\t\t\t<div class=\"elementor-widget-container\">\n\t\t\t\t\t\t\t\t\t<h3>Hvad?<\/h3><p>Parker din bil, motorcykel eller cykel p\u00e5 vores parkeringsd\u00e6k!<\/p><h3>Hvor meget?<\/h3><ul><li>245,- per nat for almindelige parkeringspladser &#8211; 2,5 meter i bredden<\/li><li>295,- per nat for ekstra store parkeringspladser &#8211; min. 3 meter i bredden<\/li><li>185,- per nat for motorcykler uden sidevogn<\/li><li>Cykler gratis<\/li><\/ul><p>Parkering er fra kl. 15 p\u00e5 indtjekningsdagen til kl. 11 p\u00e5 udtjekningsdagen.<\/p><h3>Hvor mange?<\/h3><p>Vi har 26 ledige parkeringspladser til biler og 4 til motorcykler.<\/p><h3>Hvor tung?<\/h3><p>Max 2.000 kg.<\/p><h3>Hvor stor?<\/h3><p>For at kunne v\u00e6re i bilelevatoren skal din bil opfylde f\u00f8lgende kriterier:<\/p><ul><li>Max. h\u00f8jde: 180 cm<\/li><li>Max. bredde: 230 cm<\/li><li>Max. l\u00e6ngde: 5 m<\/li><\/ul>\t\t\t\t\t\t\t\t<\/div>\n\t\t\t\t<\/div>\n\t\t\t\t\t<\/div>\n\t\t<\/div>\n\t\t\t\t<div class=\"elementor-column elementor-col-33 elementor-top-column elementor-element elementor-element-1237ecb\" data-id=\"1237ecb\" data-element_type=\"column\" data-e-type=\"column\" data-settings=\"{&quot;_ob_column_hoveranimator&quot;:&quot;no&quot;,&quot;_ob_column_has_pseudo&quot;:&quot;no&quot;}\">\n\t\t\t<div class=\"elementor-widget-wrap elementor-element-populated\">\n\t\t\t\t\t\t<div class=\"elementor-element elementor-element-64f4207 ob-harakiri-inherit ob-has-background-overlay elementor-widget elementor-widget-text-editor\" data-id=\"64f4207\" data-element_type=\"widget\" data-e-type=\"widget\" data-settings=\"{&quot;_ob_use_harakiri&quot;:&quot;yes&quot;,&quot;_ob_harakiri_writing_mode&quot;:&quot;inherit&quot;,&quot;_ob_postman_use&quot;:&quot;no&quot;,&quot;_ob_widget_stalker_use&quot;:&quot;no&quot;,&quot;_ob_poopart_use&quot;:&quot;yes&quot;,&quot;_ob_shadough_use&quot;:&quot;no&quot;,&quot;_ob_allow_hoveranimator&quot;:&quot;no&quot;}\" data-widget_type=\"text-editor.default\">\n\t\t\t\t<div class=\"elementor-widget-container\">\n\t\t\t\t\t\t\t\t\t<h3>Hvor og hvordan?<\/h3><p>Du kan booke en plads ved at ringe til os p\u00e5 +45 8613 1111 eller skrive en e-mail til <a href=\"mailto:wehelp@hotelatlantic.dk\">wehelp@hotelatlantic.dk<\/a>.<\/p><p>Kig ind omkring receptionen ved ankomst og f\u00e5 en n\u00f8gle og en parkeringstilladelse &#8211; denne skal placeres i forruden. Derefter k\u00f8rer du din bil ind i vores bilelevator, som er placeret p\u00e5 siden af bygningen \u2013 cirka 20 meter l\u00e6ngere nede ad Toldbodgade. Rul vinduet ned, og placer kortet over kortl\u00e6seren for at \u00e5bne elevatoren. K\u00f8r ind, og tryk p\u00e5 knappen &#8220;Guest Parking&#8221;. N\u00e5r d\u00f8rene \u00e5bner igen, befinder du dig p\u00e5 parkeringsd\u00e6kket, hvor du finder din tildelte plads. Herefter tager du den meget lille personelevator ned til lobbyen igen.<\/p><p>Din tildelte plads er din &#8211; og kun din &#8211; gennem hele dit ophold. Det betyder ogs\u00e5, at du kun m\u00e5 parkere p\u00e5 denne plads.<\/p><p>Parkering sker p\u00e5 eget ansvar, og hotellet kan ikke holdes ansvarligt for, hvad der m\u00e5tte ske.<\/p>\t\t\t\t\t\t\t\t<\/div>\n\t\t\t\t<\/div>\n\t\t\t\t<div class=\"elementor-element elementor-element-6d9e71e elementor-widget-divider--view-line ob-has-background-overlay elementor-widget elementor-widget-divider\" data-id=\"6d9e71e\" data-element_type=\"widget\" data-e-type=\"widget\" data-settings=\"{&quot;_ob_widget_stalker_use&quot;:&quot;no&quot;,&quot;_ob_poopart_use&quot;:&quot;yes&quot;,&quot;_ob_shadough_use&quot;:&quot;no&quot;,&quot;_ob_allow_hoveranimator&quot;:&quot;no&quot;}\" data-widget_type=\"divider.default\">\n\t\t\t\t<div class=\"elementor-widget-container\">\n\t\t\t\t\t\t\t<div class=\"elementor-divider\">\n\t\t\t<span class=\"elementor-divider-separator\">\n\t\t\t\t\t\t<\/span>\n\t\t<\/div>\n\t\t\t\t\t\t<\/div>\n\t\t\t\t<\/div>\n\t\t\t\t<div class=\"elementor-element elementor-element-0fb5ec8 ob-harakiri-inherit ob-has-background-overlay elementor-widget elementor-widget-text-editor\" data-id=\"0fb5ec8\" data-element_type=\"widget\" data-e-type=\"widget\" data-settings=\"{&quot;_ob_use_harakiri&quot;:&quot;yes&quot;,&quot;_ob_harakiri_writing_mode&quot;:&quot;inherit&quot;,&quot;_ob_postman_use&quot;:&quot;no&quot;,&quot;_ob_widget_stalker_use&quot;:&quot;no&quot;,&quot;_ob_poopart_use&quot;:&quot;yes&quot;,&quot;_ob_shadough_use&quot;:&quot;no&quot;,&quot;_ob_allow_hoveranimator&quot;:&quot;no&quot;}\" data-widget_type=\"text-editor.default\">\n\t\t\t\t<div class=\"elementor-widget-container\">\n\t\t\t\t\t\t\t\t\t<p>Find svar p\u00e5 de mest almindelige sp\u00f8rgsm\u00e5l om Hotel Atlantic <a href=\"https:\/\/hotelatlantic.dk\/da\/praktisk-information\/\">lige her<\/a>.<\/p>\t\t\t\t\t\t\t\t<\/div>\n\t\t\t\t<\/div>\n\t\t\t\t\t<\/div>\n\t\t<\/div>\n\t\t\t\t<div class=\"elementor-column elementor-col-33 elementor-top-column elementor-element elementor-element-546f831\" data-id=\"546f831\" data-element_type=\"column\" data-e-type=\"column\" data-settings=\"{&quot;_ob_column_hoveranimator&quot;:&quot;no&quot;,&quot;_ob_column_has_pseudo&quot;:&quot;no&quot;}\">\n\t\t\t<div class=\"elementor-widget-wrap elementor-element-populated\">\n\t\t\t\t\t\t<section class=\"elementor-section elementor-inner-section elementor-element elementor-element-9466cdb elementor-section-boxed elementor-section-height-default elementor-section-height-default\" data-id=\"9466cdb\" data-element_type=\"section\" data-e-type=\"section\" data-settings=\"{&quot;_ob_glider_is_slider&quot;:&quot;no&quot;}\">\n\t\t\t\t\t\t<div class=\"elementor-container elementor-column-gap-default\">\n\t\t\t\t\t<div class=\"elementor-column elementor-col-100 elementor-inner-column elementor-element elementor-element-1c8af8d\" data-id=\"1c8af8d\" data-element_type=\"column\" data-e-type=\"column\" data-settings=\"{&quot;_ob_column_hoveranimator&quot;:&quot;no&quot;,&quot;_ob_column_has_pseudo&quot;:&quot;no&quot;}\">\n\t\t\t<div class=\"elementor-widget-wrap elementor-element-populated\">\n\t\t\t\t\t\t<div class=\"elementor-element elementor-element-f245eeb ob-harakiri-inherit ob-has-background-overlay elementor-widget elementor-widget-text-editor\" data-id=\"f245eeb\" data-element_type=\"widget\" data-e-type=\"widget\" data-settings=\"{&quot;_ob_use_harakiri&quot;:&quot;yes&quot;,&quot;_ob_harakiri_writing_mode&quot;:&quot;inherit&quot;,&quot;_ob_postman_use&quot;:&quot;no&quot;,&quot;_ob_widget_stalker_use&quot;:&quot;no&quot;,&quot;_ob_poopart_use&quot;:&quot;yes&quot;,&quot;_ob_shadough_use&quot;:&quot;no&quot;,&quot;_ob_allow_hoveranimator&quot;:&quot;no&quot;}\" data-widget_type=\"text-editor.default\">\n\t\t\t\t<div class=\"elementor-widget-container\">\n\t\t\t\t\t\t\t\t\t<p>Se vores videoguide:<\/p>\t\t\t\t\t\t\t\t<\/div>\n\t\t\t\t<\/div>\n\t\t\t\t\t<\/div>\n\t\t<\/div>\n\t\t\t\t\t<\/div>\n\t\t<\/section>\n\t\t\t\t<div class=\"elementor-element elementor-element-24cd453 ob-has-background-overlay elementor-widget elementor-widget-video\" data-id=\"24cd453\" data-element_type=\"widget\" data-e-type=\"widget\" data-settings=\"{&quot;video_type&quot;:&quot;hosted&quot;,&quot;controls&quot;:&quot;yes&quot;,&quot;_ob_widget_stalker_use&quot;:&quot;no&quot;,&quot;_ob_poopart_use&quot;:&quot;yes&quot;,&quot;_ob_shadough_use&quot;:&quot;no&quot;,&quot;_ob_allow_hoveranimator&quot;:&quot;no&quot;}\" data-widget_type=\"video.default\">\n\t\t\t\t<div class=\"elementor-widget-container\">\n\t\t\t\t\t\t\t<div class=\"e-hosted-video elementor-wrapper elementor-open-inline\">\n\t\t\t\t\t<video class=\"elementor-video\" src=\"https:\/\/hotelatlantic.dk\/wp-content\/uploads\/2024\/10\/Parkeringsfilm-lav-oplosning.mov\" controls=\"\" preload=\"metadata\" controlsList=\"nodownload\"><\/video>\n\t\t\t\t<\/div>\n\t\t\t\t\t\t<\/div>\n\t\t\t\t<\/div>\n\t\t\t\t<section class=\"elementor-section elementor-inner-section elementor-element elementor-element-cd655da elementor-section-boxed elementor-section-height-default elementor-section-height-default\" data-id=\"cd655da\" data-element_type=\"section\" data-e-type=\"section\" data-settings=\"{&quot;_ob_glider_is_slider&quot;:&quot;no&quot;}\">\n\t\t\t\t\t\t<div class=\"elementor-container elementor-column-gap-default\">\n\t\t\t\t\t<div class=\"elementor-column elementor-col-100 elementor-inner-column elementor-element elementor-element-e50c8e1\" data-id=\"e50c8e1\" data-element_type=\"column\" data-e-type=\"column\" data-settings=\"{&quot;_ob_column_hoveranimator&quot;:&quot;no&quot;,&quot;_ob_column_has_pseudo&quot;:&quot;no&quot;}\">\n\t\t\t<div class=\"elementor-widget-wrap elementor-element-populated\">\n\t\t\t\t\t\t<div class=\"elementor-element elementor-element-4ceb1b4 ob-has-background-overlay elementor-widget elementor-widget-image\" data-id=\"4ceb1b4\" data-element_type=\"widget\" data-e-type=\"widget\" data-settings=\"{&quot;_ob_photomorph_use&quot;:&quot;no&quot;,&quot;_ob_widget_stalker_use&quot;:&quot;no&quot;,&quot;_ob_poopart_use&quot;:&quot;yes&quot;,&quot;_ob_shadough_use&quot;:&quot;no&quot;,&quot;_ob_allow_hoveranimator&quot;:&quot;no&quot;}\" data-widget_type=\"image.default\">\n\t\t\t\t<div class=\"elementor-widget-container\">\n\t\t\t\t\t\t\t\t\t\t\t\t\t\t\t<img fetchpriority=\"high\" decoding=\"async\" width=\"800\" height=\"534\" src=\"https:\/\/hotelatlantic.dk\/wp-content\/uploads\/2021\/09\/HotelAtlantic_RAISFOTO_5286-1024x683.jpg\" class=\"attachment-large size-large wp-image-2346\" alt=\"\" srcset=\"https:\/\/hotelatlantic.dk\/wp-content\/uploads\/2021\/09\/HotelAtlantic_RAISFOTO_5286-1024x683.jpg 1024w, https:\/\/hotelatlantic.dk\/wp-content\/uploads\/2021\/09\/HotelAtlantic_RAISFOTO_5286-300x200.jpg 300w, https:\/\/hotelatlantic.dk\/wp-content\/uploads\/2021\/09\/HotelAtlantic_RAISFOTO_5286-768x512.jpg 768w, https:\/\/hotelatlantic.dk\/wp-content\/uploads\/2021\/09\/HotelAtlantic_RAISFOTO_5286-1536x1024.jpg 1536w, https:\/\/hotelatlantic.dk\/wp-content\/uploads\/2021\/09\/HotelAtlantic_RAISFOTO_5286-2048x1365.jpg 2048w\" sizes=\"(max-width: 800px) 100vw, 800px\" \/>\t\t\t\t\t\t\t\t\t\t\t\t\t\t\t<\/div>\n\t\t\t\t<\/div>\n\t\t\t\t\t<\/div>\n\t\t<\/div>\n\t\t\t\t\t<\/div>\n\t\t<\/section>\n\t\t\t\t<section class=\"elementor-section elementor-inner-section elementor-element elementor-element-c04c2ac elementor-section-boxed elementor-section-height-default elementor-section-height-default\" data-id=\"c04c2ac\" data-element_type=\"section\" data-e-type=\"section\" data-settings=\"{&quot;_ob_glider_is_slider&quot;:&quot;no&quot;}\">\n\t\t\t\t\t\t<div class=\"elementor-container elementor-column-gap-default\">\n\t\t\t\t\t<div class=\"elementor-column elementor-col-100 elementor-inner-column elementor-element elementor-element-c654e97\" data-id=\"c654e97\" data-element_type=\"column\" data-e-type=\"column\" data-settings=\"{&quot;_ob_column_hoveranimator&quot;:&quot;no&quot;,&quot;_ob_column_has_pseudo&quot;:&quot;no&quot;}\">\n\t\t\t<div class=\"elementor-widget-wrap elementor-element-populated\">\n\t\t\t\t\t\t<div class=\"elementor-element elementor-element-8534c63 ob-has-background-overlay elementor-widget elementor-widget-image\" data-id=\"8534c63\" data-element_type=\"widget\" data-e-type=\"widget\" data-settings=\"{&quot;_ob_photomorph_use&quot;:&quot;no&quot;,&quot;_ob_widget_stalker_use&quot;:&quot;no&quot;,&quot;_ob_poopart_use&quot;:&quot;yes&quot;,&quot;_ob_shadough_use&quot;:&quot;no&quot;,&quot;_ob_allow_hoveranimator&quot;:&quot;no&quot;}\" data-widget_type=\"image.default\">\n\t\t\t\t<div class=\"elementor-widget-container\">\n\t\t\t\t\t\t\t\t\t\t\t\t\t\t\t<img decoding=\"async\" width=\"800\" height=\"534\" src=\"https:\/\/hotelatlantic.dk\/wp-content\/uploads\/2020\/10\/HotelAtlantic_RAISFOTO_4350-1024x683.jpg\" class=\"attachment-large size-large wp-image-2277\" alt=\"\" srcset=\"https:\/\/hotelatlantic.dk\/wp-content\/uploads\/2020\/10\/HotelAtlantic_RAISFOTO_4350-1024x683.jpg 1024w, https:\/\/hotelatlantic.dk\/wp-content\/uploads\/2020\/10\/HotelAtlantic_RAISFOTO_4350-300x200.jpg 300w, https:\/\/hotelatlantic.dk\/wp-content\/uploads\/2020\/10\/HotelAtlantic_RAISFOTO_4350-768x512.jpg 768w, https:\/\/hotelatlantic.dk\/wp-content\/uploads\/2020\/10\/HotelAtlantic_RAISFOTO_4350-1536x1024.jpg 1536w, https:\/\/hotelatlantic.dk\/wp-content\/uploads\/2020\/10\/HotelAtlantic_RAISFOTO_4350.jpg 1600w\" sizes=\"(max-width: 800px) 100vw, 800px\" \/>\t\t\t\t\t\t\t\t\t\t\t\t\t\t\t<\/div>\n\t\t\t\t<\/div>\n\t\t\t\t<div class=\"elementor-element elementor-element-3065526 ob-harakiri-inherit ob-has-background-overlay elementor-widget elementor-widget-text-editor\" data-id=\"3065526\" data-element_type=\"widget\" data-e-type=\"widget\" data-settings=\"{&quot;_ob_use_harakiri&quot;:&quot;yes&quot;,&quot;_ob_harakiri_writing_mode&quot;:&quot;inherit&quot;,&quot;_ob_postman_use&quot;:&quot;no&quot;,&quot;_ob_widget_stalker_use&quot;:&quot;no&quot;,&quot;_ob_poopart_use&quot;:&quot;yes&quot;,&quot;_ob_shadough_use&quot;:&quot;no&quot;,&quot;_ob_allow_hoveranimator&quot;:&quot;no&quot;}\" data-widget_type=\"text-editor.default\">\n\t\t\t\t<div class=\"elementor-widget-container\">\n\t\t\t\t\t\t\t\t\t<p>Find vej til Hotel Atlantic <a href=\"https:\/\/www.google.com\/maps\/dir\/\/hotel+atlantic\/data=!4m6!4m5!1m1!4e2!1m2!1m1!1s0x464c3f906e82d311:0xc3813caaef8f0b06?sa=X&amp;ved=1t:3061&amp;ictx=111\">her<\/a>!<\/p>\t\t\t\t\t\t\t\t<\/div>\n\t\t\t\t<\/div>\n\t\t\t\t\t<\/div>\n\t\t<\/div>\n\t\t\t\t\t<\/div>\n\t\t<\/section>\n\t\t\t\t\t<\/div>\n\t\t<\/div>\n\t\t\t\t\t<\/div>\n\t\t<\/section>\n\t\t\t\t<\/div>\n\t\t","protected":false},"excerpt":{"rendered":"<p>Parkering p\u00e5 Hotel Atlantic Vi har samlet alt det, du beh\u00f8ver at vide om parkering p\u00e5 Hotel Atlantic. Hvad? Parker din bil, motorcykel eller cykel p\u00e5 vores parkeringsd\u00e6k! Hvor meget? 245,- per nat for almindelige parkeringspladser &#8211; 2,5 meter i bredden 295,- per nat for ekstra store parkeringspladser &#8211; min. 3 meter i bredden 185,- [&hellip;]<\/p>\n","protected":false},"author":4,"featured_media":0,"parent":0,"menu_order":0,"comment_status":"closed","ping_status":"closed","template":"","meta":{"_acf_changed":false,"footnotes":""},"class_list":["post-4306","page","type-page","status-publish","hentry"],"acf":[],"yoast_head":"<!-- This site is optimized with the Yoast SEO plugin v27.4 - https:\/\/yoast.com\/product\/yoast-seo-wordpress\/ -->\n<title>Parkering - Hotel Atlantic<\/title>\n<meta name=\"description\" content=\"Her er alt, du beh\u00f8ver at vide om parkering p\u00e5 Hotel Atlantic. Parker din bil, motorcykel eller cykel p\u00e5 vores parkeringsd\u00e6k!\" \/>\n<meta name=\"robots\" content=\"index, follow, max-snippet:-1, max-image-preview:large, max-video-preview:-1\" \/>\n<link rel=\"canonical\" href=\"https:\/\/hotelatlantic.dk\/da\/parkering\/\" \/>\n<meta property=\"og:locale\" content=\"da_DK\" \/>\n<meta property=\"og:type\" content=\"article\" \/>\n<meta property=\"og:title\" content=\"Parkering - Hotel Atlantic\" \/>\n<meta property=\"og:description\" content=\"Her er alt, du beh\u00f8ver at vide om parkering p\u00e5 Hotel Atlantic. Parker din bil, motorcykel eller cykel p\u00e5 vores parkeringsd\u00e6k!\" \/>\n<meta property=\"og:url\" content=\"https:\/\/hotelatlantic.dk\/da\/parkering\/\" \/>\n<meta property=\"og:site_name\" content=\"Hotel Atlantic\" \/>\n<meta property=\"article:modified_time\" content=\"2025-09-16T10:47:10+00:00\" \/>\n<meta property=\"og:image\" content=\"https:\/\/hotelatlantic.dk\/wp-content\/uploads\/2021\/09\/HotelAtlantic_RAISFOTO_5286-scaled.jpg\" \/>\n\t<meta property=\"og:image:width\" content=\"2560\" \/>\n\t<meta property=\"og:image:height\" content=\"1707\" \/>\n\t<meta property=\"og:image:type\" content=\"image\/jpeg\" \/>\n<meta name=\"twitter:card\" content=\"summary_large_image\" \/>\n<meta name=\"twitter:label1\" content=\"Estimeret l\u00e6setid\" \/>\n\t<meta name=\"twitter:data1\" content=\"1 minut\" \/>\n<script type=\"application\/ld+json\" class=\"yoast-schema-graph\">{\"@context\":\"https:\\\/\\\/schema.org\",\"@graph\":[{\"@type\":\"WebPage\",\"@id\":\"https:\\\/\\\/hotelatlantic.dk\\\/da\\\/parkering\\\/\",\"url\":\"https:\\\/\\\/hotelatlantic.dk\\\/da\\\/parkering\\\/\",\"name\":\"Parkering - Hotel Atlantic\",\"isPartOf\":{\"@id\":\"https:\\\/\\\/hotelatlantic.dk\\\/da\\\/#website\"},\"primaryImageOfPage\":{\"@id\":\"https:\\\/\\\/hotelatlantic.dk\\\/da\\\/parkering\\\/#primaryimage\"},\"image\":{\"@id\":\"https:\\\/\\\/hotelatlantic.dk\\\/da\\\/parkering\\\/#primaryimage\"},\"thumbnailUrl\":\"https:\\\/\\\/hotelatlantic.dk\\\/wp-content\\\/uploads\\\/2021\\\/09\\\/HotelAtlantic_RAISFOTO_5286-1024x683.jpg\",\"datePublished\":\"2021-06-08T14:41:00+00:00\",\"dateModified\":\"2025-09-16T10:47:10+00:00\",\"description\":\"Her er alt, du beh\u00f8ver at vide om parkering p\u00e5 Hotel Atlantic. Parker din bil, motorcykel eller cykel p\u00e5 vores parkeringsd\u00e6k!\",\"breadcrumb\":{\"@id\":\"https:\\\/\\\/hotelatlantic.dk\\\/da\\\/parkering\\\/#breadcrumb\"},\"inLanguage\":\"da-DK\",\"potentialAction\":[{\"@type\":\"ReadAction\",\"target\":[\"https:\\\/\\\/hotelatlantic.dk\\\/da\\\/parkering\\\/\"]}]},{\"@type\":\"ImageObject\",\"inLanguage\":\"da-DK\",\"@id\":\"https:\\\/\\\/hotelatlantic.dk\\\/da\\\/parkering\\\/#primaryimage\",\"url\":\"https:\\\/\\\/hotelatlantic.dk\\\/wp-content\\\/uploads\\\/2021\\\/09\\\/HotelAtlantic_RAISFOTO_5286-1024x683.jpg\",\"contentUrl\":\"https:\\\/\\\/hotelatlantic.dk\\\/wp-content\\\/uploads\\\/2021\\\/09\\\/HotelAtlantic_RAISFOTO_5286-1024x683.jpg\"},{\"@type\":\"BreadcrumbList\",\"@id\":\"https:\\\/\\\/hotelatlantic.dk\\\/da\\\/parkering\\\/#breadcrumb\",\"itemListElement\":[{\"@type\":\"ListItem\",\"position\":1,\"name\":\"Hjem\",\"item\":\"https:\\\/\\\/hotelatlantic.dk\\\/da\\\/\"},{\"@type\":\"ListItem\",\"position\":2,\"name\":\"Parkering\"}]},{\"@type\":\"WebSite\",\"@id\":\"https:\\\/\\\/hotelatlantic.dk\\\/da\\\/#website\",\"url\":\"https:\\\/\\\/hotelatlantic.dk\\\/da\\\/\",\"name\":\"Hotel Atlantic\",\"description\":\"\",\"potentialAction\":[{\"@type\":\"SearchAction\",\"target\":{\"@type\":\"EntryPoint\",\"urlTemplate\":\"https:\\\/\\\/hotelatlantic.dk\\\/da\\\/?s={search_term_string}\"},\"query-input\":{\"@type\":\"PropertyValueSpecification\",\"valueRequired\":true,\"valueName\":\"search_term_string\"}}],\"inLanguage\":\"da-DK\"}]}<\/script>\n<!-- \/ Yoast SEO plugin. -->","yoast_head_json":{"title":"Parkering - Hotel Atlantic","description":"Her er alt, du beh\u00f8ver at vide om parkering p\u00e5 Hotel Atlantic. Parker din bil, motorcykel eller cykel p\u00e5 vores parkeringsd\u00e6k!","robots":{"index":"index","follow":"follow","max-snippet":"max-snippet:-1","max-image-preview":"max-image-preview:large","max-video-preview":"max-video-preview:-1"},"canonical":"https:\/\/hotelatlantic.dk\/da\/parkering\/","og_locale":"da_DK","og_type":"article","og_title":"Parkering - Hotel Atlantic","og_description":"Her er alt, du beh\u00f8ver at vide om parkering p\u00e5 Hotel Atlantic. Parker din bil, motorcykel eller cykel p\u00e5 vores parkeringsd\u00e6k!","og_url":"https:\/\/hotelatlantic.dk\/da\/parkering\/","og_site_name":"Hotel Atlantic","article_modified_time":"2025-09-16T10:47:10+00:00","og_image":[{"width":2560,"height":1707,"url":"https:\/\/hotelatlantic.dk\/wp-content\/uploads\/2021\/09\/HotelAtlantic_RAISFOTO_5286-scaled.jpg","type":"image\/jpeg"}],"twitter_card":"summary_large_image","twitter_misc":{"Estimeret l\u00e6setid":"1 minut"},"schema":{"@context":"https:\/\/schema.org","@graph":[{"@type":"WebPage","@id":"https:\/\/hotelatlantic.dk\/da\/parkering\/","url":"https:\/\/hotelatlantic.dk\/da\/parkering\/","name":"Parkering - Hotel Atlantic","isPartOf":{"@id":"https:\/\/hotelatlantic.dk\/da\/#website"},"primaryImageOfPage":{"@id":"https:\/\/hotelatlantic.dk\/da\/parkering\/#primaryimage"},"image":{"@id":"https:\/\/hotelatlantic.dk\/da\/parkering\/#primaryimage"},"thumbnailUrl":"https:\/\/hotelatlantic.dk\/wp-content\/uploads\/2021\/09\/HotelAtlantic_RAISFOTO_5286-1024x683.jpg","datePublished":"2021-06-08T14:41:00+00:00","dateModified":"2025-09-16T10:47:10+00:00","description":"Her er alt, du beh\u00f8ver at vide om parkering p\u00e5 Hotel Atlantic. Parker din bil, motorcykel eller cykel p\u00e5 vores parkeringsd\u00e6k!","breadcrumb":{"@id":"https:\/\/hotelatlantic.dk\/da\/parkering\/#breadcrumb"},"inLanguage":"da-DK","potentialAction":[{"@type":"ReadAction","target":["https:\/\/hotelatlantic.dk\/da\/parkering\/"]}]},{"@type":"ImageObject","inLanguage":"da-DK","@id":"https:\/\/hotelatlantic.dk\/da\/parkering\/#primaryimage","url":"https:\/\/hotelatlantic.dk\/wp-content\/uploads\/2021\/09\/HotelAtlantic_RAISFOTO_5286-1024x683.jpg","contentUrl":"https:\/\/hotelatlantic.dk\/wp-content\/uploads\/2021\/09\/HotelAtlantic_RAISFOTO_5286-1024x683.jpg"},{"@type":"BreadcrumbList","@id":"https:\/\/hotelatlantic.dk\/da\/parkering\/#breadcrumb","itemListElement":[{"@type":"ListItem","position":1,"name":"Hjem","item":"https:\/\/hotelatlantic.dk\/da\/"},{"@type":"ListItem","position":2,"name":"Parkering"}]},{"@type":"WebSite","@id":"https:\/\/hotelatlantic.dk\/da\/#website","url":"https:\/\/hotelatlantic.dk\/da\/","name":"Hotel Atlantic","description":"","potentialAction":[{"@type":"SearchAction","target":{"@type":"EntryPoint","urlTemplate":"https:\/\/hotelatlantic.dk\/da\/?s={search_term_string}"},"query-input":{"@type":"PropertyValueSpecification","valueRequired":true,"valueName":"search_term_string"}}],"inLanguage":"da-DK"}]}},"_links":{"self":[{"href":"https:\/\/hotelatlantic.dk\/da\/wp-json\/wp\/v2\/pages\/4306","targetHints":{"allow":["GET"]}}],"collection":[{"href":"https:\/\/hotelatlantic.dk\/da\/wp-json\/wp\/v2\/pages"}],"about":[{"href":"https:\/\/hotelatlantic.dk\/da\/wp-json\/wp\/v2\/types\/page"}],"author":[{"embeddable":true,"href":"https:\/\/hotelatlantic.dk\/da\/wp-json\/wp\/v2\/users\/4"}],"replies":[{"embeddable":true,"href":"https:\/\/hotelatlantic.dk\/da\/wp-json\/wp\/v2\/comments?post=4306"}],"version-history":[{"count":2,"href":"https:\/\/hotelatlantic.dk\/da\/wp-json\/wp\/v2\/pages\/4306\/revisions"}],"predecessor-version":[{"id":4308,"href":"https:\/\/hotelatlantic.dk\/da\/wp-json\/wp\/v2\/pages\/4306\/revisions\/4308"}],"wp:attachment":[{"href":"https:\/\/hotelatlantic.dk\/da\/wp-json\/wp\/v2\/media?parent=4306"}],"curies":[{"name":"wp","href":"https:\/\/api.w.org\/{rel}","templated":true}]}}