{"id":4325,"date":"2022-09-15T13:30:11","date_gmt":"2022-09-15T13:30:11","guid":{"rendered":"https:\/\/hotelatlantic.dk\/bliv-vores-kollega\/"},"modified":"2026-02-05T14:27:51","modified_gmt":"2026-02-05T14:27:51","slug":"bliv-vores-kollega","status":"publish","type":"page","link":"https:\/\/hotelatlantic.dk\/da\/bliv-vores-kollega\/","title":{"rendered":"Bliv vores kollega"},"content":{"rendered":"\t\t<div data-elementor-type=\"wp-page\" data-elementor-id=\"4325\" class=\"elementor elementor-4325 elementor-2062\" data-elementor-post-type=\"page\">\n\t\t\t\t\t\t<section class=\"elementor-section elementor-top-section elementor-element elementor-element-1e407d5 elementor-section-boxed elementor-section-height-default elementor-section-height-default\" data-id=\"1e407d5\" data-element_type=\"section\" data-e-type=\"section\" data-settings=\"{&quot;_ob_glider_is_slider&quot;:&quot;no&quot;}\">\n\t\t\t\t\t\t<div class=\"elementor-container elementor-column-gap-default\">\n\t\t\t\t\t<div class=\"elementor-column elementor-col-50 elementor-top-column elementor-element elementor-element-060d575\" data-id=\"060d575\" data-element_type=\"column\" data-e-type=\"column\" data-settings=\"{&quot;_ob_column_hoveranimator&quot;:&quot;no&quot;,&quot;_ob_column_has_pseudo&quot;:&quot;no&quot;}\">\n\t\t\t<div class=\"elementor-widget-wrap elementor-element-populated\">\n\t\t\t\t\t\t<div class=\"elementor-element elementor-element-d9cd6cd ob-has-background-overlay elementor-widget elementor-widget-spacer\" data-id=\"d9cd6cd\" data-element_type=\"widget\" data-e-type=\"widget\" data-settings=\"{&quot;_ob_spacerat_use&quot;:&quot;no&quot;,&quot;_ob_widget_stalker_use&quot;:&quot;no&quot;,&quot;_ob_poopart_use&quot;:&quot;yes&quot;,&quot;_ob_shadough_use&quot;:&quot;no&quot;,&quot;_ob_allow_hoveranimator&quot;:&quot;no&quot;}\" data-widget_type=\"spacer.default\">\n\t\t\t\t<div class=\"elementor-widget-container\">\n\t\t\t\t\t\t\t<div class=\"elementor-spacer\">\n\t\t\t<div class=\"elementor-spacer-inner\"><\/div>\n\t\t<\/div>\n\t\t\t\t\t\t<\/div>\n\t\t\t\t<\/div>\n\t\t\t\t\t<\/div>\n\t\t<\/div>\n\t\t\t\t<div class=\"elementor-column elementor-col-50 elementor-top-column elementor-element elementor-element-9913dc1\" data-id=\"9913dc1\" data-element_type=\"column\" data-e-type=\"column\" data-settings=\"{&quot;_ob_column_hoveranimator&quot;:&quot;no&quot;,&quot;_ob_column_has_pseudo&quot;:&quot;no&quot;}\">\n\t\t\t<div class=\"elementor-widget-wrap\">\n\t\t\t\t\t\t\t<\/div>\n\t\t<\/div>\n\t\t\t\t\t<\/div>\n\t\t<\/section>\n\t\t\t\t<section class=\"elementor-section elementor-top-section elementor-element elementor-element-1b4a697 elementor-section-boxed elementor-section-height-default elementor-section-height-default\" data-id=\"1b4a697\" data-element_type=\"section\" data-e-type=\"section\" data-settings=\"{&quot;_ob_glider_is_slider&quot;:&quot;no&quot;}\">\n\t\t\t\t\t\t<div class=\"elementor-container elementor-column-gap-default\">\n\t\t\t\t\t<div class=\"elementor-column elementor-col-50 elementor-top-column elementor-element elementor-element-86c302d\" data-id=\"86c302d\" data-element_type=\"column\" data-e-type=\"column\" data-settings=\"{&quot;_ob_column_hoveranimator&quot;:&quot;no&quot;,&quot;_ob_column_has_pseudo&quot;:&quot;no&quot;}\">\n\t\t\t<div class=\"elementor-widget-wrap elementor-element-populated\">\n\t\t\t\t\t\t<div class=\"elementor-element elementor-element-bbae131 ob-harakiri-inherit ob-has-background-overlay elementor-widget elementor-widget-heading\" data-id=\"bbae131\" data-element_type=\"widget\" data-e-type=\"widget\" data-settings=\"{&quot;_ob_use_harakiri&quot;:&quot;yes&quot;,&quot;_ob_harakiri_writing_mode&quot;:&quot;inherit&quot;,&quot;_ob_harakiri_text_clip&quot;:&quot;none&quot;,&quot;_ob_widget_stalker_use&quot;:&quot;no&quot;,&quot;_ob_poopart_use&quot;:&quot;yes&quot;,&quot;_ob_shadough_use&quot;:&quot;no&quot;,&quot;_ob_allow_hoveranimator&quot;:&quot;no&quot;}\" data-widget_type=\"heading.default\">\n\t\t\t\t<div class=\"elementor-widget-container\">\n\t\t\t\t\t<h2 class=\"elementor-heading-title elementor-size-default\">Bliv vores kollega<\/h2>\t\t\t\t<\/div>\n\t\t\t\t<\/div>\n\t\t\t\t<div class=\"elementor-element elementor-element-5565cf7 ob-harakiri-inherit ob-has-background-overlay elementor-widget elementor-widget-text-editor\" data-id=\"5565cf7\" data-element_type=\"widget\" data-e-type=\"widget\" data-settings=\"{&quot;_ob_use_harakiri&quot;:&quot;yes&quot;,&quot;_ob_harakiri_writing_mode&quot;:&quot;inherit&quot;,&quot;_ob_postman_use&quot;:&quot;no&quot;,&quot;_ob_widget_stalker_use&quot;:&quot;no&quot;,&quot;_ob_poopart_use&quot;:&quot;yes&quot;,&quot;_ob_shadough_use&quot;:&quot;no&quot;,&quot;_ob_allow_hoveranimator&quot;:&quot;no&quot;}\" data-widget_type=\"text-editor.default\">\n\t\t\t\t<div class=\"elementor-widget-container\">\n\t\t\t\t\t\t\t\t\t<p>Bliv vores kollega p\u00e5 Hotel Atlantic! Herunder finder du alle nuv\u00e6rende ledige stillinger. <\/p><p>Du er altid velkommen til at <a href=\"https:\/\/candidate.hr-manager.net\/ApplicationInit.aspx?cid=2170&amp;ProjectId=146285&amp;DepartmentId=19156&amp;SkipAdvertisement=true\">sende os dit CV<\/a>, lige her.<\/p>\t\t\t\t\t\t\t\t<\/div>\n\t\t\t\t<\/div>\n\t\t\t\t<div class=\"elementor-element elementor-element-a913c20 ob-harakiri-inherit ob-has-background-overlay elementor-widget elementor-widget-heading\" data-id=\"a913c20\" data-element_type=\"widget\" data-e-type=\"widget\" data-settings=\"{&quot;_ob_use_harakiri&quot;:&quot;yes&quot;,&quot;_ob_harakiri_writing_mode&quot;:&quot;inherit&quot;,&quot;_ob_harakiri_text_clip&quot;:&quot;none&quot;,&quot;_ob_widget_stalker_use&quot;:&quot;no&quot;,&quot;_ob_poopart_use&quot;:&quot;yes&quot;,&quot;_ob_shadough_use&quot;:&quot;no&quot;,&quot;_ob_allow_hoveranimator&quot;:&quot;no&quot;}\" data-widget_type=\"heading.default\">\n\t\t\t\t<div class=\"elementor-widget-container\">\n\t\t\t\t\t<h3 class=\"elementor-heading-title elementor-size-default\">Ledige stillinger<\/h3>\t\t\t\t<\/div>\n\t\t\t\t<\/div>\n\t\t\t\t<div class=\"elementor-element elementor-element-3818001 ob-harakiri-inherit ob-has-background-overlay elementor-widget elementor-widget-text-editor\" data-id=\"3818001\" data-element_type=\"widget\" data-e-type=\"widget\" data-settings=\"{&quot;_ob_use_harakiri&quot;:&quot;yes&quot;,&quot;_ob_harakiri_writing_mode&quot;:&quot;inherit&quot;,&quot;_ob_postman_use&quot;:&quot;no&quot;,&quot;_ob_widget_stalker_use&quot;:&quot;no&quot;,&quot;_ob_poopart_use&quot;:&quot;yes&quot;,&quot;_ob_shadough_use&quot;:&quot;no&quot;,&quot;_ob_allow_hoveranimator&quot;:&quot;no&quot;}\" data-widget_type=\"text-editor.default\">\n\t\t\t\t<div class=\"elementor-widget-container\">\n\t\t\t\t\t\t\t\t\t<p>Vi har alle, vi beh\u00f8ver for nu.<\/p>\t\t\t\t\t\t\t\t<\/div>\n\t\t\t\t<\/div>\n\t\t\t\t<div class=\"elementor-element elementor-element-3663f86 ob-harakiri-inherit ob-has-background-overlay elementor-widget elementor-widget-heading\" data-id=\"3663f86\" data-element_type=\"widget\" data-e-type=\"widget\" data-settings=\"{&quot;_ob_use_harakiri&quot;:&quot;yes&quot;,&quot;_ob_harakiri_writing_mode&quot;:&quot;inherit&quot;,&quot;_ob_harakiri_text_clip&quot;:&quot;none&quot;,&quot;_ob_widget_stalker_use&quot;:&quot;no&quot;,&quot;_ob_poopart_use&quot;:&quot;yes&quot;,&quot;_ob_shadough_use&quot;:&quot;no&quot;,&quot;_ob_allow_hoveranimator&quot;:&quot;no&quot;}\" data-widget_type=\"heading.default\">\n\t\t\t\t<div class=\"elementor-widget-container\">\n\t\t\t\t\t<h3 class=\"elementor-heading-title elementor-size-default\">Job p\u00e5 vores s\u00f8sterhoteller<\/h3>\t\t\t\t<\/div>\n\t\t\t\t<\/div>\n\t\t\t\t<div class=\"elementor-element elementor-element-6092e26 ob-harakiri-inherit ob-has-background-overlay elementor-widget elementor-widget-text-editor\" data-id=\"6092e26\" data-element_type=\"widget\" data-e-type=\"widget\" data-settings=\"{&quot;_ob_use_harakiri&quot;:&quot;yes&quot;,&quot;_ob_harakiri_writing_mode&quot;:&quot;inherit&quot;,&quot;_ob_postman_use&quot;:&quot;no&quot;,&quot;_ob_widget_stalker_use&quot;:&quot;no&quot;,&quot;_ob_poopart_use&quot;:&quot;yes&quot;,&quot;_ob_shadough_use&quot;:&quot;no&quot;,&quot;_ob_allow_hoveranimator&quot;:&quot;no&quot;}\" data-widget_type=\"text-editor.default\">\n\t\t\t\t<div class=\"elementor-widget-container\">\n\t\t\t\t\t\t\t\t\t<p>M\u00e5ske er vi ikke den rette arbejdsplads for dig &#8211; men m\u00e5ske er vores s\u00f8sterhoteller:<\/p><p><a href=\"http:\/\/www.hotelkolding.dk\/work-with-us\">Hotel Kolding<\/a><\/p><p><a href=\"http:\/\/www.thelodge.dk\/work-with-us\">The Lodge Billund<\/a><\/p><p><a href=\"http:\/\/www.thenote.dk\/work-with-us\">The Note (Vejle)<\/a><\/p>\t\t\t\t\t\t\t\t<\/div>\n\t\t\t\t<\/div>\n\t\t\t\t\t<\/div>\n\t\t<\/div>\n\t\t\t\t<div class=\"elementor-column elementor-col-50 elementor-top-column elementor-element elementor-element-1745ac8\" data-id=\"1745ac8\" data-element_type=\"column\" data-e-type=\"column\" data-settings=\"{&quot;_ob_column_hoveranimator&quot;:&quot;no&quot;,&quot;_ob_column_has_pseudo&quot;:&quot;no&quot;}\">\n\t\t\t<div class=\"elementor-widget-wrap elementor-element-populated\">\n\t\t\t\t\t\t<div class=\"elementor-element elementor-element-2a60827 ob-has-background-overlay elementor-widget elementor-widget-image\" data-id=\"2a60827\" data-element_type=\"widget\" data-e-type=\"widget\" data-settings=\"{&quot;_ob_photomorph_use&quot;:&quot;no&quot;,&quot;_ob_widget_stalker_use&quot;:&quot;no&quot;,&quot;_ob_poopart_use&quot;:&quot;yes&quot;,&quot;_ob_shadough_use&quot;:&quot;no&quot;,&quot;_ob_allow_hoveranimator&quot;:&quot;no&quot;}\" data-widget_type=\"image.default\">\n\t\t\t\t<div class=\"elementor-widget-container\">\n\t\t\t\t\t\t\t\t\t\t\t\t\t\t\t<img fetchpriority=\"high\" decoding=\"async\" width=\"800\" height=\"534\" src=\"https:\/\/hotelatlantic.dk\/wp-content\/uploads\/2026\/02\/web_Hotel-Atlantic_RAISFOTO_C1__1303-1024x683.jpg\" class=\"attachment-large size-large wp-image-4989\" alt=\"\" srcset=\"https:\/\/hotelatlantic.dk\/wp-content\/uploads\/2026\/02\/web_Hotel-Atlantic_RAISFOTO_C1__1303-1024x683.jpg 1024w, https:\/\/hotelatlantic.dk\/wp-content\/uploads\/2026\/02\/web_Hotel-Atlantic_RAISFOTO_C1__1303-300x200.jpg 300w, https:\/\/hotelatlantic.dk\/wp-content\/uploads\/2026\/02\/web_Hotel-Atlantic_RAISFOTO_C1__1303-768x512.jpg 768w, https:\/\/hotelatlantic.dk\/wp-content\/uploads\/2026\/02\/web_Hotel-Atlantic_RAISFOTO_C1__1303-1536x1024.jpg 1536w, https:\/\/hotelatlantic.dk\/wp-content\/uploads\/2026\/02\/web_Hotel-Atlantic_RAISFOTO_C1__1303-2048x1366.jpg 2048w\" sizes=\"(max-width: 800px) 100vw, 800px\" \/>\t\t\t\t\t\t\t\t\t\t\t\t\t\t\t<\/div>\n\t\t\t\t<\/div>\n\t\t\t\t\t<\/div>\n\t\t<\/div>\n\t\t\t\t\t<\/div>\n\t\t<\/section>\n\t\t<div class=\"elementor-element elementor-element-48e5d16 e-flex e-con-boxed e-con e-parent\" data-id=\"48e5d16\" data-element_type=\"container\" data-e-type=\"container\" data-settings=\"{&quot;_ob_use_container_extras&quot;:&quot;no&quot;,&quot;_ob_column_hoveranimator&quot;:&quot;no&quot;,&quot;_ob_glider_is_slider&quot;:&quot;no&quot;,&quot;_ob_column_has_pseudo&quot;:&quot;no&quot;}\">\n\t\t\t\t\t<div class=\"e-con-inner\">\n\t\t\t\t<div class=\"elementor-element elementor-element-02515f6 elementor-widget-divider--view-line ob-has-background-overlay elementor-widget elementor-widget-divider\" data-id=\"02515f6\" data-element_type=\"widget\" data-e-type=\"widget\" data-settings=\"{&quot;_ob_widget_stalker_use&quot;:&quot;no&quot;,&quot;_ob_poopart_use&quot;:&quot;yes&quot;,&quot;_ob_shadough_use&quot;:&quot;no&quot;,&quot;_ob_allow_hoveranimator&quot;:&quot;no&quot;}\" data-widget_type=\"divider.default\">\n\t\t\t\t<div class=\"elementor-widget-container\">\n\t\t\t\t\t\t\t<div class=\"elementor-divider\">\n\t\t\t<span class=\"elementor-divider-separator\">\n\t\t\t\t\t\t<\/span>\n\t\t<\/div>\n\t\t\t\t\t\t<\/div>\n\t\t\t\t<\/div>\n\t\t\t\t<div class=\"elementor-element elementor-element-0efded3 ob-harakiri-inherit ob-has-background-overlay elementor-widget elementor-widget-text-editor\" data-id=\"0efded3\" data-element_type=\"widget\" data-e-type=\"widget\" data-settings=\"{&quot;_ob_use_harakiri&quot;:&quot;yes&quot;,&quot;_ob_harakiri_writing_mode&quot;:&quot;inherit&quot;,&quot;_ob_postman_use&quot;:&quot;no&quot;,&quot;_ob_widget_stalker_use&quot;:&quot;no&quot;,&quot;_ob_poopart_use&quot;:&quot;yes&quot;,&quot;_ob_shadough_use&quot;:&quot;no&quot;,&quot;_ob_allow_hoveranimator&quot;:&quot;no&quot;}\" data-widget_type=\"text-editor.default\">\n\t\t\t\t<div class=\"elementor-widget-container\">\n\t\t\t\t\t\t\t\t\t<p>Ville du bare <a href=\"https:\/\/hotelatlantic.dk\/da\/vaerelser\/\">booke et v\u00e6relse<\/a>? Lad os <a href=\"https:\/\/hotelatlantic.dk\/da\/vaerelser\/\">finde det bedste<\/a> til dig! <\/p>\t\t\t\t\t\t\t\t<\/div>\n\t\t\t\t<\/div>\n\t\t\t\t\t<\/div>\n\t\t\t\t<\/div>\n\t\t\t\t<\/div>\n\t\t","protected":false},"excerpt":{"rendered":"<p>Bliv vores kollega Bliv vores kollega p\u00e5 Hotel Atlantic! Herunder finder du alle nuv\u00e6rende ledige stillinger. Du er altid velkommen til at sende os dit CV, lige her. Ledige stillinger Vi har alle, vi beh\u00f8ver for nu. Job p\u00e5 vores s\u00f8sterhoteller M\u00e5ske er vi ikke den rette arbejdsplads for dig &#8211; men m\u00e5ske er vores [&hellip;]<\/p>\n","protected":false},"author":4,"featured_media":0,"parent":0,"menu_order":0,"comment_status":"closed","ping_status":"closed","template":"","meta":{"_acf_changed":false,"footnotes":""},"class_list":["post-4325","page","type-page","status-publish","hentry"],"acf":[],"yoast_head":"<!-- This site is optimized with the Yoast SEO plugin v27.4 - https:\/\/yoast.com\/product\/yoast-seo-wordpress\/ -->\n<title>Bliv vores kollega - Hotel Atlantic<\/title>\n<meta name=\"description\" content=\"Bliv vores kollega p\u00e5 Hotel Atlantic! Herunder finder du alle nuv\u00e6rende ledige stillinger p\u00e5 hotellet.\" \/>\n<meta name=\"robots\" content=\"index, follow, max-snippet:-1, max-image-preview:large, max-video-preview:-1\" \/>\n<link rel=\"canonical\" href=\"https:\/\/hotelatlantic.dk\/da\/bliv-vores-kollega\/\" \/>\n<meta property=\"og:locale\" content=\"da_DK\" \/>\n<meta property=\"og:type\" content=\"article\" \/>\n<meta property=\"og:title\" content=\"Bliv vores kollega - Hotel Atlantic\" \/>\n<meta property=\"og:description\" content=\"Bliv vores kollega p\u00e5 Hotel Atlantic! Herunder finder du alle nuv\u00e6rende ledige stillinger p\u00e5 hotellet.\" \/>\n<meta property=\"og:url\" content=\"https:\/\/hotelatlantic.dk\/da\/bliv-vores-kollega\/\" \/>\n<meta property=\"og:site_name\" content=\"Hotel Atlantic\" \/>\n<meta property=\"article:modified_time\" content=\"2026-02-05T14:27:51+00:00\" \/>\n<meta property=\"og:image\" content=\"https:\/\/hotelatlantic.dk\/wp-content\/uploads\/2026\/02\/web_Hotel-Atlantic_RAISFOTO_C1__1303.jpg\" \/>\n\t<meta property=\"og:image:width\" content=\"2200\" \/>\n\t<meta property=\"og:image:height\" content=\"1467\" \/>\n\t<meta property=\"og:image:type\" content=\"image\/jpeg\" \/>\n<meta name=\"twitter:card\" content=\"summary_large_image\" \/>\n<script type=\"application\/ld+json\" class=\"yoast-schema-graph\">{\"@context\":\"https:\\\/\\\/schema.org\",\"@graph\":[{\"@type\":\"WebPage\",\"@id\":\"https:\\\/\\\/hotelatlantic.dk\\\/da\\\/bliv-vores-kollega\\\/\",\"url\":\"https:\\\/\\\/hotelatlantic.dk\\\/da\\\/bliv-vores-kollega\\\/\",\"name\":\"Bliv vores kollega - Hotel Atlantic\",\"isPartOf\":{\"@id\":\"https:\\\/\\\/hotelatlantic.dk\\\/da\\\/#website\"},\"primaryImageOfPage\":{\"@id\":\"https:\\\/\\\/hotelatlantic.dk\\\/da\\\/bliv-vores-kollega\\\/#primaryimage\"},\"image\":{\"@id\":\"https:\\\/\\\/hotelatlantic.dk\\\/da\\\/bliv-vores-kollega\\\/#primaryimage\"},\"thumbnailUrl\":\"https:\\\/\\\/hotelatlantic.dk\\\/wp-content\\\/uploads\\\/2026\\\/02\\\/web_Hotel-Atlantic_RAISFOTO_C1__1303-1024x683.jpg\",\"datePublished\":\"2022-09-15T13:30:11+00:00\",\"dateModified\":\"2026-02-05T14:27:51+00:00\",\"description\":\"Bliv vores kollega p\u00e5 Hotel Atlantic! Herunder finder du alle nuv\u00e6rende ledige stillinger p\u00e5 hotellet.\",\"breadcrumb\":{\"@id\":\"https:\\\/\\\/hotelatlantic.dk\\\/da\\\/bliv-vores-kollega\\\/#breadcrumb\"},\"inLanguage\":\"da-DK\",\"potentialAction\":[{\"@type\":\"ReadAction\",\"target\":[\"https:\\\/\\\/hotelatlantic.dk\\\/da\\\/bliv-vores-kollega\\\/\"]}]},{\"@type\":\"ImageObject\",\"inLanguage\":\"da-DK\",\"@id\":\"https:\\\/\\\/hotelatlantic.dk\\\/da\\\/bliv-vores-kollega\\\/#primaryimage\",\"url\":\"https:\\\/\\\/hotelatlantic.dk\\\/wp-content\\\/uploads\\\/2026\\\/02\\\/web_Hotel-Atlantic_RAISFOTO_C1__1303-1024x683.jpg\",\"contentUrl\":\"https:\\\/\\\/hotelatlantic.dk\\\/wp-content\\\/uploads\\\/2026\\\/02\\\/web_Hotel-Atlantic_RAISFOTO_C1__1303-1024x683.jpg\"},{\"@type\":\"BreadcrumbList\",\"@id\":\"https:\\\/\\\/hotelatlantic.dk\\\/da\\\/bliv-vores-kollega\\\/#breadcrumb\",\"itemListElement\":[{\"@type\":\"ListItem\",\"position\":1,\"name\":\"Hjem\",\"item\":\"https:\\\/\\\/hotelatlantic.dk\\\/da\\\/\"},{\"@type\":\"ListItem\",\"position\":2,\"name\":\"Bliv vores kollega\"}]},{\"@type\":\"WebSite\",\"@id\":\"https:\\\/\\\/hotelatlantic.dk\\\/da\\\/#website\",\"url\":\"https:\\\/\\\/hotelatlantic.dk\\\/da\\\/\",\"name\":\"Hotel Atlantic\",\"description\":\"\",\"potentialAction\":[{\"@type\":\"SearchAction\",\"target\":{\"@type\":\"EntryPoint\",\"urlTemplate\":\"https:\\\/\\\/hotelatlantic.dk\\\/da\\\/?s={search_term_string}\"},\"query-input\":{\"@type\":\"PropertyValueSpecification\",\"valueRequired\":true,\"valueName\":\"search_term_string\"}}],\"inLanguage\":\"da-DK\"}]}<\/script>\n<!-- \/ Yoast SEO plugin. -->","yoast_head_json":{"title":"Bliv vores kollega - Hotel Atlantic","description":"Bliv vores kollega p\u00e5 Hotel Atlantic! Herunder finder du alle nuv\u00e6rende ledige stillinger p\u00e5 hotellet.","robots":{"index":"index","follow":"follow","max-snippet":"max-snippet:-1","max-image-preview":"max-image-preview:large","max-video-preview":"max-video-preview:-1"},"canonical":"https:\/\/hotelatlantic.dk\/da\/bliv-vores-kollega\/","og_locale":"da_DK","og_type":"article","og_title":"Bliv vores kollega - Hotel Atlantic","og_description":"Bliv vores kollega p\u00e5 Hotel Atlantic! Herunder finder du alle nuv\u00e6rende ledige stillinger p\u00e5 hotellet.","og_url":"https:\/\/hotelatlantic.dk\/da\/bliv-vores-kollega\/","og_site_name":"Hotel Atlantic","article_modified_time":"2026-02-05T14:27:51+00:00","og_image":[{"width":2200,"height":1467,"url":"https:\/\/hotelatlantic.dk\/wp-content\/uploads\/2026\/02\/web_Hotel-Atlantic_RAISFOTO_C1__1303.jpg","type":"image\/jpeg"}],"twitter_card":"summary_large_image","schema":{"@context":"https:\/\/schema.org","@graph":[{"@type":"WebPage","@id":"https:\/\/hotelatlantic.dk\/da\/bliv-vores-kollega\/","url":"https:\/\/hotelatlantic.dk\/da\/bliv-vores-kollega\/","name":"Bliv vores kollega - Hotel Atlantic","isPartOf":{"@id":"https:\/\/hotelatlantic.dk\/da\/#website"},"primaryImageOfPage":{"@id":"https:\/\/hotelatlantic.dk\/da\/bliv-vores-kollega\/#primaryimage"},"image":{"@id":"https:\/\/hotelatlantic.dk\/da\/bliv-vores-kollega\/#primaryimage"},"thumbnailUrl":"https:\/\/hotelatlantic.dk\/wp-content\/uploads\/2026\/02\/web_Hotel-Atlantic_RAISFOTO_C1__1303-1024x683.jpg","datePublished":"2022-09-15T13:30:11+00:00","dateModified":"2026-02-05T14:27:51+00:00","description":"Bliv vores kollega p\u00e5 Hotel Atlantic! Herunder finder du alle nuv\u00e6rende ledige stillinger p\u00e5 hotellet.","breadcrumb":{"@id":"https:\/\/hotelatlantic.dk\/da\/bliv-vores-kollega\/#breadcrumb"},"inLanguage":"da-DK","potentialAction":[{"@type":"ReadAction","target":["https:\/\/hotelatlantic.dk\/da\/bliv-vores-kollega\/"]}]},{"@type":"ImageObject","inLanguage":"da-DK","@id":"https:\/\/hotelatlantic.dk\/da\/bliv-vores-kollega\/#primaryimage","url":"https:\/\/hotelatlantic.dk\/wp-content\/uploads\/2026\/02\/web_Hotel-Atlantic_RAISFOTO_C1__1303-1024x683.jpg","contentUrl":"https:\/\/hotelatlantic.dk\/wp-content\/uploads\/2026\/02\/web_Hotel-Atlantic_RAISFOTO_C1__1303-1024x683.jpg"},{"@type":"BreadcrumbList","@id":"https:\/\/hotelatlantic.dk\/da\/bliv-vores-kollega\/#breadcrumb","itemListElement":[{"@type":"ListItem","position":1,"name":"Hjem","item":"https:\/\/hotelatlantic.dk\/da\/"},{"@type":"ListItem","position":2,"name":"Bliv vores kollega"}]},{"@type":"WebSite","@id":"https:\/\/hotelatlantic.dk\/da\/#website","url":"https:\/\/hotelatlantic.dk\/da\/","name":"Hotel Atlantic","description":"","potentialAction":[{"@type":"SearchAction","target":{"@type":"EntryPoint","urlTemplate":"https:\/\/hotelatlantic.dk\/da\/?s={search_term_string}"},"query-input":{"@type":"PropertyValueSpecification","valueRequired":true,"valueName":"search_term_string"}}],"inLanguage":"da-DK"}]}},"_links":{"self":[{"href":"https:\/\/hotelatlantic.dk\/da\/wp-json\/wp\/v2\/pages\/4325","targetHints":{"allow":["GET"]}}],"collection":[{"href":"https:\/\/hotelatlantic.dk\/da\/wp-json\/wp\/v2\/pages"}],"about":[{"href":"https:\/\/hotelatlantic.dk\/da\/wp-json\/wp\/v2\/types\/page"}],"author":[{"embeddable":true,"href":"https:\/\/hotelatlantic.dk\/da\/wp-json\/wp\/v2\/users\/4"}],"replies":[{"embeddable":true,"href":"https:\/\/hotelatlantic.dk\/da\/wp-json\/wp\/v2\/comments?post=4325"}],"version-history":[{"count":2,"href":"https:\/\/hotelatlantic.dk\/da\/wp-json\/wp\/v2\/pages\/4325\/revisions"}],"predecessor-version":[{"id":5118,"href":"https:\/\/hotelatlantic.dk\/da\/wp-json\/wp\/v2\/pages\/4325\/revisions\/5118"}],"wp:attachment":[{"href":"https:\/\/hotelatlantic.dk\/da\/wp-json\/wp\/v2\/media?parent=4325"}],"curies":[{"name":"wp","href":"https:\/\/api.w.org\/{rel}","templated":true}]}}